{"id":711,"date":"2020-08-07T09:52:54","date_gmt":"2020-08-07T09:52:54","guid":{"rendered":"https:\/\/hoteldelfini.com\/index.php\/superior-room\/"},"modified":"2020-08-24T14:17:45","modified_gmt":"2020-08-24T14:17:45","slug":"dhoma-superiore","status":"publish","type":"page","link":"https:\/\/hoteldelfini.com\/index.php\/dhoma-superiore\/?lang=sq","title":{"rendered":"Dhoma Superiore"},"content":{"rendered":"<div class=\"wpb-content-wrapper\"><p>[vc_row full_width=&#8221;stretch_row_content&#8221; css=&#8221;.vc_custom_1595863430254{padding-bottom: 50px !important;}&#8221;][vc_column][vc_custom_heading text=&#8221;Dhoma Superiore&#8221; font_container=&#8221;tag:h2|text_align:center&#8221; use_theme_fonts=&#8221;yes&#8221;][vc_separator color=&#8221;custom&#8221; border_width=&#8221;3&#8243; el_width=&#8221;10&#8243; accent_color=&#8221;#6190a5&#8243;][\/vc_column][\/vc_row][vc_row css=&#8221;.vc_custom_1595863327664{margin-bottom: 20px !important;padding-bottom: 20px !important;}&#8221;][vc_column width=&#8221;1\/3&#8243;]<div class=\"ult-content-box-container \" >\t\t<div class=\"ult-content-box\" style=\"background-color:#6190a5;box-shadow: px px px px none;padding-bottom:20px;margin-top:15px;-webkit-transition: all 700ms ease;-moz-transition: all 700ms ease;-ms-transition: all 700ms ease;-o-transition: all 700ms ease;transition: all 700ms ease;\"  data-hover_box_shadow=\"none\"    data-normal_margins=\"margin-top:15px;\"   data-bg=\"#6190a5\" >[vc_single_image image=&#8221;449&#8243; img_size=&#8221;438&#215;293&#8243;][vc_custom_heading text=&#8221;Dhome Dyshe Superiore me Ballkon &amp; Pamje nga Deti<br \/>\n&#8221; font_container=&#8221;tag:h3|text_align:left|color:%23ffffff&#8221; use_theme_fonts=&#8221;yes&#8221; css=&#8221;.vc_custom_1598278516252{padding-top: 20px !important;padding-left: 20px !important;}&#8221;][vc_btn title=&#8221;Detajet&#8221; style=&#8221;outline-custom&#8221; outline_custom_color=&#8221;#ffffff&#8221; outline_custom_hover_background=&#8221;#ffffff&#8221; outline_custom_hover_text=&#8221;#6190a5&#8243; css=&#8221;.vc_custom_1598278536386{padding-left: 20px !important;}&#8221; link=&#8221;url:https%3A%2F%2Fhoteldelfini.com%2Findex.php%2Fdhome-dyshe-superiore-me-ballkon-pamje-nga-deti%2F%3Flang%3Dsq|||&#8221;]\t\t<\/div><\/div>[\/vc_column][vc_column width=&#8221;1\/3&#8243;]<div class=\"ult-content-box-container \" >\t\t<div class=\"ult-content-box\" style=\"background-color:#6190a5;box-shadow: px px px px none;padding-bottom:20px;margin-top:15px;-webkit-transition: all 700ms ease;-moz-transition: all 700ms ease;-ms-transition: all 700ms ease;-o-transition: all 700ms ease;transition: all 700ms ease;\"  data-hover_box_shadow=\"none\"    data-normal_margins=\"margin-top:15px;\"   data-bg=\"#6190a5\" >[vc_single_image image=&#8221;449&#8243; img_size=&#8221;438&#215;293&#8243;][vc_custom_heading text=&#8221;Dhome Dopio Superiore me Ballkon &amp; Pamje nga Deti<br \/>\n&#8221; font_container=&#8221;tag:h3|text_align:left|color:%23ffffff&#8221; use_theme_fonts=&#8221;yes&#8221; css=&#8221;.vc_custom_1598278552996{padding-top: 20px !important;padding-left: 20px !important;}&#8221;][vc_btn title=&#8221;Detajet&#8221; style=&#8221;outline-custom&#8221; outline_custom_color=&#8221;#ffffff&#8221; outline_custom_hover_background=&#8221;#ffffff&#8221; outline_custom_hover_text=&#8221;#6190a5&#8243; css=&#8221;.vc_custom_1598278567171{padding-left: 20px !important;}&#8221; link=&#8221;url:https%3A%2F%2Fhoteldelfini.com%2Findex.php%2Fdhome-dopio-superiore-me-ballkon-pamje-nga-deti%2F%3Flang%3Dsq|||&#8221;]\t\t<\/div><\/div>[\/vc_column][vc_column width=&#8221;1\/3&#8243;]<div class=\"ult-content-box-container \" >\t\t<div class=\"ult-content-box\" style=\"background-color:#6190a5;box-shadow: px px px px none;padding-bottom:20px;margin-top:15px;-webkit-transition: all 700ms ease;-moz-transition: all 700ms ease;-ms-transition: all 700ms ease;-o-transition: all 700ms ease;transition: all 700ms ease;\"  data-hover_box_shadow=\"none\"    data-normal_margins=\"margin-top:15px;\"   data-bg=\"#6190a5\" >[vc_single_image image=&#8221;450&#8243; img_size=&#8221;438&#215;293&#8243;][vc_custom_heading text=&#8221;Dhome Superiore me Sofa \/ Ballkon &amp; Pamje nga Deti&#8221; font_container=&#8221;tag:h3|text_align:left|color:%23ffffff&#8221; use_theme_fonts=&#8221;yes&#8221; css=&#8221;.vc_custom_1598278581994{padding-top: 20px !important;padding-left: 20px !important;}&#8221;][vc_btn title=&#8221;Detajet&#8221; style=&#8221;outline-custom&#8221; outline_custom_color=&#8221;#ffffff&#8221; outline_custom_hover_background=&#8221;#ffffff&#8221; outline_custom_hover_text=&#8221;#6190a5&#8243; css=&#8221;.vc_custom_1598278596297{padding-left: 20px !important;}&#8221; link=&#8221;url:https%3A%2F%2Fhoteldelfini.com%2Findex.php%2Fdhome-superiore-me-sofa-ballkon-pamje-nga-deti%2F%3Flang%3Dsq|||&#8221;]\t\t<\/div><\/div>[\/vc_column][\/vc_row][vc_row css=&#8221;.vc_custom_1595863327664{margin-bottom: 20px !important;padding-bottom: 20px !important;}&#8221;][vc_column width=&#8221;1\/3&#8243;]<div class=\"ult-content-box-container \" >\t\t<div class=\"ult-content-box\" style=\"background-color:#6190a5;box-shadow: px px px px none;padding-bottom:20px;margin-top:15px;-webkit-transition: all 700ms ease;-moz-transition: all 700ms ease;-ms-transition: all 700ms ease;-o-transition: all 700ms ease;transition: all 700ms ease;\"  data-hover_box_shadow=\"none\"    data-normal_margins=\"margin-top:15px;\"   data-bg=\"#6190a5\" >[vc_single_image image=&#8221;451&#8243; img_size=&#8221;438&#215;293&#8243;][vc_custom_heading text=&#8221;Dhome Superior me Tarrac\u00eb &amp; Pamje Anesore nga Deti&#8221; font_container=&#8221;tag:h3|text_align:left|color:%23ffffff&#8221; use_theme_fonts=&#8221;yes&#8221; css=&#8221;.vc_custom_1598278626326{padding-top: 20px !important;padding-left: 20px !important;}&#8221;][vc_btn title=&#8221;Detajet&#8221; style=&#8221;outline-custom&#8221; outline_custom_color=&#8221;#ffffff&#8221; outline_custom_hover_background=&#8221;#ffffff&#8221; outline_custom_hover_text=&#8221;#6190a5&#8243; css=&#8221;.vc_custom_1598278617672{padding-left: 20px !important;}&#8221; link=&#8221;url:https%3A%2F%2Fhoteldelfini.com%2Findex.php%2Fdhome-superior-me-tarrace-pamje-anesore-nga-deti%2F%3Flang%3Dsq|||&#8221;]\t\t<\/div><\/div>[\/vc_column][vc_column width=&#8221;1\/3&#8243;][\/vc_column][vc_column width=&#8221;1\/3&#8243;][\/vc_column][\/vc_row][vc_row bg_type=&#8221;image&#8221; parallax_style=&#8221;vcpb-default&#8221; bg_image_new=&#8221;id^338|url^https:\/\/hoteldelfini.com\/wp-content\/uploads\/2020\/08\/slider-g1.jpg|caption^null|alt^null|title^slider-g1|description^null&#8221; bg_img_attach=&#8221;fixed&#8221; bg_override=&#8221;ex-full&#8221; enable_overlay=&#8221;enable_overlay_value&#8221; overlay_color=&#8221;#0c0c0c&#8221; overlay_pattern_opacity=&#8221;0.5&#8243;][vc_column css=&#8221;.vc_custom_1595862563381{padding-top: 80px !important;padding-bottom: 80px !important;}&#8221;][vc_custom_heading text=&#8221;Kontakt&#8221; font_container=&#8221;tag:h1|text_align:center|color:%23ffffff&#8221; use_theme_fonts=&#8221;yes&#8221; css=&#8221;.vc_custom_1598278641993{padding-top: 20px !important;padding-left: 20px !important;}&#8221;][vc_custom_heading text=&#8221;P\u00ebr m\u00eb shum\u00eb informacion na kontaktoni&#8221; font_container=&#8221;tag:h2|text_align:center|color:%23ffffff&#8221; use_theme_fonts=&#8221;yes&#8221; css=&#8221;.vc_custom_1598278652611{padding-top: 20px !important;padding-left: 20px !important;}&#8221;][vc_empty_space][vc_btn title=&#8221;Na Kontaktoni&#8221; style=&#8221;outline-custom&#8221; outline_custom_color=&#8221;#ffffff&#8221; outline_custom_hover_background=&#8221;#ffffff&#8221; outline_custom_hover_text=&#8221;#6190a5&#8243; align=&#8221;center&#8221; css=&#8221;.vc_custom_1598278669624{padding-left: 20px !important;}&#8221; link=&#8221;url:https%3A%2F%2Fhoteldelfini.com%2Findex.php%2Fkontakt%2F%3Flang%3Dsq|title:Kontakt||&#8221;][\/vc_column][\/vc_row]<\/p>\n<\/div>","protected":false},"excerpt":{"rendered":"<p>[vc_row full_width=&#8221;stretch_row_content&#8221; css=&#8221;.vc_custom_1595863430254{padding-bottom: 50px !important;}&#8221;][vc_column][vc_custom_heading text=&#8221;Dhoma Superiore&#8221; font_container=&#8221;tag:h2|text_align:center&#8221; use_theme_fonts=&#8221;yes&#8221;][vc_separator color=&#8221;custom&#8221; border_width=&#8221;3&#8243; el_width=&#8221;10&#8243; accent_color=&#8221;#6190a5&#8243;][\/vc_column][\/vc_row][vc_row css=&#8221;.vc_custom_1595863327664{margin-bottom: 20px !important;padding-bottom: 20px !important;}&#8221;][vc_column width=&#8221;1\/3&#8243;][\/vc_column][vc_column width=&#8221;1\/3&#8243;][\/vc_column][vc_column width=&#8221;1\/3&#8243;][\/vc_column][\/vc_row][vc_row css=&#8221;.vc_custom_1595863327664{margin-bottom: 20px !important;padding-bottom: 20px !important;}&#8221;][vc_column width=&#8221;1\/3&#8243;][\/vc_column][vc_column width=&#8221;1\/3&#8243;][\/vc_column][vc_column width=&#8221;1\/3&#8243;][\/vc_column][\/vc_row][vc_row bg_type=&#8221;image&#8221; parallax_style=&#8221;vcpb-default&#8221; bg_image_new=&#8221;id^338|url^https:\/\/hoteldelfini.com\/wp-content\/uploads\/2020\/08\/slider-g1.jpg|caption^null|alt^null|title^slider-g1|description^null&#8221; bg_img_attach=&#8221;fixed&#8221; bg_override=&#8221;ex-full&#8221; enable_overlay=&#8221;enable_overlay_value&#8221; overlay_color=&#8221;#0c0c0c&#8221; overlay_pattern_opacity=&#8221;0.5&#8243;][vc_column css=&#8221;.vc_custom_1595862563381{padding-top: 80px !important;padding-bottom: 80px !important;}&#8221;][vc_custom_heading text=&#8221;Kontakt&#8221; font_container=&#8221;tag:h1|text_align:center|color:%23ffffff&#8221; use_theme_fonts=&#8221;yes&#8221; css=&#8221;.vc_custom_1598278641993{padding-top: 20px !important;padding-left: 20px !important;}&#8221;][vc_custom_heading text=&#8221;P\u00ebr m\u00eb shum\u00eb informacion na&hellip;<\/p>\n","protected":false},"author":1,"featured_media":0,"parent":0,"menu_order":0,"comment_status":"closed","ping_status":"closed","template":"","meta":{"footnotes":""},"class_list":["post-711","page","type-page","status-publish","hentry","description-off"],"_links":{"self":[{"href":"https:\/\/hoteldelfini.com\/index.php\/wp-json\/wp\/v2\/pages\/711","targetHints":{"allow":["GET"]}}],"collection":[{"href":"https:\/\/hoteldelfini.com\/index.php\/wp-json\/wp\/v2\/pages"}],"about":[{"href":"https:\/\/hoteldelfini.com\/index.php\/wp-json\/wp\/v2\/types\/page"}],"author":[{"embeddable":true,"href":"https:\/\/hoteldelfini.com\/index.php\/wp-json\/wp\/v2\/users\/1"}],"replies":[{"embeddable":true,"href":"https:\/\/hoteldelfini.com\/index.php\/wp-json\/wp\/v2\/comments?post=711"}],"version-history":[{"count":3,"href":"https:\/\/hoteldelfini.com\/index.php\/wp-json\/wp\/v2\/pages\/711\/revisions"}],"predecessor-version":[{"id":715,"href":"https:\/\/hoteldelfini.com\/index.php\/wp-json\/wp\/v2\/pages\/711\/revisions\/715"}],"wp:attachment":[{"href":"https:\/\/hoteldelfini.com\/index.php\/wp-json\/wp\/v2\/media?parent=711"}],"curies":[{"name":"wp","href":"https:\/\/api.w.org\/{rel}","templated":true}]}}