{"id":679,"date":"2020-08-07T09:20:58","date_gmt":"2020-08-07T09:20:58","guid":{"rendered":"https:\/\/hoteldelfini.com\/index.php\/activities\/"},"modified":"2020-08-24T14:27:31","modified_gmt":"2020-08-24T14:27:31","slug":"aktivitetet","status":"publish","type":"page","link":"https:\/\/hoteldelfini.com\/index.php\/aktivitetet\/?lang=sq","title":{"rendered":"Aktivitetet"},"content":{"rendered":"<div class=\"wpb-content-wrapper\"><p>[vc_row bg_type=&#8221;bg_color&#8221; css=&#8221;.vc_custom_1596790622471{padding-top: 20px !important;padding-right: 20px !important;padding-bottom: 20px !important;padding-left: 20px !important;}&#8221; bg_color_value=&#8221;#6190a5&#8243;][vc_column width=&#8221;1\/2&#8243;][vc_empty_space height=&#8221;30px&#8221;][vc_custom_heading text=&#8221;Butrinti&#8221; font_container=&#8221;tag:h2|text_align:left|color:%23ffffff&#8221; use_theme_fonts=&#8221;yes&#8221;][vc_separator color=&#8221;custom&#8221; align=&#8221;align_left&#8221; border_width=&#8221;3&#8243; el_width=&#8221;10&#8243; accent_color=&#8221;#ffffff&#8221;][vc_column_text]<span style=\"color: #ffffff;\"><strong>Butrinti u shpall qytet muze m\u00eb qershor 1961. Butrinti \u00ebsht\u00eb vler\u00ebsuar si pasuri e trash\u00ebgimis\u00eb s\u00eb njer\u00ebzimit dhe mbrohet nga UNESCO q\u00eb nga viti 1992.<br \/>\nSipas Virgjilit, Butrinti u themelua nga Enea. respondence te gjate te tij me Ciceronin, zbulohen perpjekjet qe ai ka bere per te mbrojtur pronat dhe interesat e butrotasve kunder perpjekjeve te Cezarit per vendosjen aty te nje kolonie romake. Me pas, Butrinti i fortifikuar i kesaj periudhe ka sherbyer vazhdimisht i strehe per kolonet dhe qytetaret qe banonin ne qytet. Gjate periudhes se lufterave civile, Butrinti p\u00ebrmendet nga Cezari ne vepren e tij, si nje nga bazat kryesore te furnizimeve dhe pike strategjike per zoterimin e kanalit te Korfuzit. <\/strong><\/span>[\/vc_column_text][\/vc_column][vc_column width=&#8221;1\/2&#8243;][vc_single_image image=&#8221;680&#8243; img_size=&#8221;full&#8221;][\/vc_column][\/vc_row][vc_row][vc_column][vc_empty_space height=&#8221;40&#8243;][\/vc_column][\/vc_row][vc_row bg_type=&#8221;bg_color&#8221; css=&#8221;.vc_custom_1596790622471{padding-top: 20px !important;padding-right: 20px !important;padding-bottom: 20px !important;padding-left: 20px !important;}&#8221; bg_color_value=&#8221;#6190a5&#8243;][vc_column width=&#8221;1\/2&#8243;][vc_single_image image=&#8221;683&#8243; img_size=&#8221;full&#8221;][\/vc_column][vc_column width=&#8221;1\/2&#8243;][vc_empty_space height=&#8221;30px&#8221;][vc_custom_heading text=&#8221;Sinagoga&#8221; font_container=&#8221;tag:h2|text_align:left|color:%23ffffff&#8221; use_theme_fonts=&#8221;yes&#8221;][vc_separator color=&#8221;custom&#8221; align=&#8221;align_left&#8221; border_width=&#8221;3&#8243; el_width=&#8221;10&#8243; accent_color=&#8221;#ffffff&#8221;][vc_column_text]<span style=\"color: #ffffff;\">Sinagoga (greqisht: \u03c3\u03c5\u03bd\u03b1\u03b3\u03c9\u03b3\u03ae, arabisht: \u0643\u0646\u064a\u0633 Kenis) fjala &#8220;Sinagoga&#8221; n\u00eb gjuh\u00ebn e hebrenjve do t\u00eb thot\u00eb &#8220;Kuvend&#8221; apo &#8220;Megjlis&#8221;. Ky tempull i shenjt p\u00ebr hebrenjt\u00eb nuk \u00ebsht\u00eb vet\u00ebm nj\u00eb kult religjioz, por edhe vat\u00ebr e edukimit dhe kultivimit t\u00eb jet\u00ebs shoq\u00ebrore dhe politik t\u00eb k\u00ebtij populli n\u00eb p\u00ebrgjith\u00ebsi. N\u00eb nj\u00eb sinagog\u00eb t\u00eb madhe, ku do t\u00eb shum\u00eb njer\u00ebz, lutjet jan\u00eb mbajtur tri her\u00eb n\u00eb dit\u00eb n\u00eb m\u00ebngjes pasdite, dhe n\u00eb mbr\u00ebmje, gjat\u00eb dit\u00ebve t\u00eb jav\u00ebs, t\u00eb shtunave dhe festat. N\u00ebse nj\u00eb sinagog\u00eb e vog\u00ebl dhe \u00ebsht\u00eb vizituar nga vizitor\u00ebt pak &#8211; t\u00eb pakt\u00ebn at\u00ebher\u00eb n\u00eb Sinagog\u00eb, besimtar\u00ebt zakonisht takohen n\u00eb mbr\u00ebmjen e s\u00eb premtes p\u00ebr ta sh\u00ebnuar fillimin e Shabatit dhe n\u00eb m\u00ebngjesin e s\u00eb shtun\u00ebs..<\/span>[\/vc_column_text][\/vc_column][\/vc_row][vc_row][vc_column][vc_empty_space height=&#8221;40&#8243;][\/vc_column][\/vc_row][vc_row bg_type=&#8221;bg_color&#8221; css=&#8221;.vc_custom_1596790622471{padding-top: 20px !important;padding-right: 20px !important;padding-bottom: 20px !important;padding-left: 20px !important;}&#8221; bg_color_value=&#8221;#6190a5&#8243;][vc_column width=&#8221;1\/2&#8243;][vc_empty_space height=&#8221;30px&#8221;][vc_custom_heading text=&#8221;Kalaja e Lekuresit&#8221; font_container=&#8221;tag:h2|text_align:left|color:%23ffffff&#8221; use_theme_fonts=&#8221;yes&#8221;][vc_separator color=&#8221;custom&#8221; align=&#8221;align_left&#8221; border_width=&#8221;3&#8243; el_width=&#8221;10&#8243; accent_color=&#8221;#ffffff&#8221;][vc_column_text]<span style=\"color: #ffffff;\">Mendohet nga historian\u00ebt t\u00eb jet\u00eb nd\u00ebrtuar rreth viteve 1537, n\u00eb koh\u00ebn kur Sulltan Sulejmani sulmoi Korfuzin dhe i lindi si domosdoshm\u00ebri kontrolli i Skel\u00ebs s\u00eb Sarand\u00ebs dhe rrug\u00ebs q\u00eb kalon Sarand\u00eb-Butrint.<\/span><\/p>\n<p><span style=\"color: #ffffff;\">Kalaja ndodhet midis rr\u00ebnojave t\u00eb fshatit L\u00ebkur\u00ebs mbi maj\u00ebn e nj\u00eb kodre t\u00eb lart\u00eb q\u00eb ngrihet sip\u00ebr qytetit t\u00eb Sarand\u00ebs. Ka nj\u00eb pozicion t\u00eb ve\u00e7ant\u00eb strategjik nga ku mund t\u00eb shikoni gjith\u00eb qytetin e Sarand\u00ebs dhe rrug\u00ebn q\u00eb shkon n\u00eb Butrintit, gjithashtu mund t\u00eb shijoni dhe nj\u00eb panoram\u00eb t\u00eb ishujve t\u00eb Ksamilit. Ka form\u00eb katrore me dy kulla t\u00eb rrumbullak\u00ebta t\u00eb vendosura n\u00eb VP dhe JL.<\/span>[\/vc_column_text][\/vc_column][vc_column width=&#8221;1\/2&#8243;][vc_single_image image=&#8221;682&#8243; img_size=&#8221;full&#8221;][\/vc_column][\/vc_row][vc_row][vc_column][vc_empty_space height=&#8221;40&#8243;][\/vc_column][\/vc_row][vc_row bg_type=&#8221;bg_color&#8221; css=&#8221;.vc_custom_1596790622471{padding-top: 20px !important;padding-right: 20px !important;padding-bottom: 20px !important;padding-left: 20px !important;}&#8221; bg_color_value=&#8221;#6190a5&#8243;][vc_column width=&#8221;1\/2&#8243;][vc_single_image image=&#8221;684&#8243; img_size=&#8221;full&#8221;][\/vc_column][vc_column width=&#8221;1\/2&#8243;][vc_custom_heading text=&#8221;Syri I Kalter&#8221; font_container=&#8221;tag:h2|text_align:left|color:%23ffffff&#8221; use_theme_fonts=&#8221;yes&#8221;][vc_separator color=&#8221;custom&#8221; align=&#8221;align_left&#8221; border_width=&#8221;3&#8243; el_width=&#8221;10&#8243; accent_color=&#8221;#ffffff&#8221;][vc_column_text]<span style=\"color: #ffffff;\">Tyri i Kalt\u00ebr \u00ebsht\u00eb nj\u00eb burim uji, dukuri natyrore dhe vend turistik i shpallur monument i natyr\u00ebs, q\u00eb ndodhet n\u00eb fshatin Muzin\u00eb t\u00eb Rrethit e Delvin\u00ebs, pran\u00eb rrug\u00ebs nacionale Delvin\u00eb \u2013 Gjirokast\u00ebr, n\u00eb jug t\u00eb Shqip\u00ebris\u00eb<\/span><\/p>\n<p><span style=\"color: #ffffff;\">Syri i Kalt\u00ebr \u00ebsht\u00eb nj\u00eb burim me origjin\u00eb karstike nga Mali i Gjer\u00eb. Esht\u00eb burim me uj\u00ebra t\u00eb fresk\u00ebta dhe t\u00eb \u00ebmbla i rrethuar me bim\u00ebsi t\u00eb dendur dhe me gjelb\u00ebrim t\u00eb p\u00ebrhersh\u00ebm. Ka nj\u00eb thell\u00ebsi m\u00eb shum\u00eb se pes\u00ebdhjet\u00eb metra. Disa zhyt\u00ebs kan\u00eb zbritur deri m\u00eb pes\u00ebdhjet\u00eb metra, por \u00ebsht\u00eb ende e paqart\u00eb se cila \u00ebsht\u00eb thell\u00ebsia e sakt\u00eb e vrim\u00ebs karstike. Nga thell\u00ebsia e burimit dhe ve\u00e7antia e vrim\u00ebs karstike uji merr ngjyr\u00ebn e kalt\u00ebr n\u00ebn rrezet e diellit.<\/span><\/p>\n<p>[\/vc_column_text][\/vc_column][\/vc_row][vc_row][vc_column][vc_empty_space height=&#8221;40&#8243;][\/vc_column][\/vc_row][vc_row bg_type=&#8221;image&#8221; parallax_style=&#8221;vcpb-default&#8221; bg_image_new=&#8221;id^338|url^https:\/\/hoteldelfini.com\/wp-content\/uploads\/2020\/08\/slider-g1.jpg|caption^null|alt^null|title^slider-g1|description^null&#8221; bg_img_attach=&#8221;fixed&#8221; bg_override=&#8221;ex-full&#8221; enable_overlay=&#8221;enable_overlay_value&#8221; overlay_color=&#8221;#0c0c0c&#8221; overlay_pattern_opacity=&#8221;0.5&#8243;][vc_column css=&#8221;.vc_custom_1595862563381{padding-top: 80px !important;padding-bottom: 80px !important;}&#8221;][vc_custom_heading text=&#8221;Kontakt&#8221; font_container=&#8221;tag:h1|text_align:center|color:%23ffffff&#8221; use_theme_fonts=&#8221;yes&#8221; css=&#8221;.vc_custom_1598279248174{padding-top: 20px !important;padding-left: 20px !important;}&#8221;][vc_custom_heading text=&#8221;P\u00ebr m\u00eb shum\u00eb informacion na kontaktoni&#8221; font_container=&#8221;tag:h2|text_align:center|color:%23ffffff&#8221; use_theme_fonts=&#8221;yes&#8221; css=&#8221;.vc_custom_1598279255709{padding-top: 20px !important;padding-left: 20px !important;}&#8221;][vc_empty_space][vc_btn title=&#8221;Na Kontaktoni&#8221; style=&#8221;outline-custom&#8221; outline_custom_color=&#8221;#ffffff&#8221; outline_custom_hover_background=&#8221;#ffffff&#8221; outline_custom_hover_text=&#8221;#6190a5&#8243; align=&#8221;center&#8221; css=&#8221;.vc_custom_1598279238618{padding-left: 20px !important;}&#8221; link=&#8221;url:https%3A%2F%2Fhoteldelfini.com%2Findex.php%2Fkontakt%2F%3Flang%3Dsq|title:Kontakt||&#8221;][\/vc_column][\/vc_row]<\/p>\n<\/div>","protected":false},"excerpt":{"rendered":"<p>[vc_row bg_type=&#8221;bg_color&#8221; css=&#8221;.vc_custom_1596790622471{padding-top: 20px !important;padding-right: 20px !important;padding-bottom: 20px !important;padding-left: 20px !important;}&#8221; bg_color_value=&#8221;#6190a5&#8243;][vc_column width=&#8221;1\/2&#8243;][vc_empty_space height=&#8221;30px&#8221;][vc_custom_heading text=&#8221;Butrinti&#8221; font_container=&#8221;tag:h2|text_align:left|color:%23ffffff&#8221; use_theme_fonts=&#8221;yes&#8221;][vc_separator color=&#8221;custom&#8221; align=&#8221;align_left&#8221; border_width=&#8221;3&#8243; el_width=&#8221;10&#8243; accent_color=&#8221;#ffffff&#8221;][vc_column_text]Butrinti u shpall qytet muze m\u00eb qershor 1961. Butrinti \u00ebsht\u00eb vler\u00ebsuar si pasuri e trash\u00ebgimis\u00eb s\u00eb njer\u00ebzimit dhe mbrohet nga UNESCO q\u00eb nga viti 1992. Sipas Virgjilit, Butrinti u themelua nga Enea. respondence te&hellip;<\/p>\n","protected":false},"author":1,"featured_media":0,"parent":0,"menu_order":0,"comment_status":"closed","ping_status":"closed","template":"","meta":{"footnotes":""},"class_list":["post-679","page","type-page","status-publish","hentry","description-off"],"_links":{"self":[{"href":"https:\/\/hoteldelfini.com\/index.php\/wp-json\/wp\/v2\/pages\/679","targetHints":{"allow":["GET"]}}],"collection":[{"href":"https:\/\/hoteldelfini.com\/index.php\/wp-json\/wp\/v2\/pages"}],"about":[{"href":"https:\/\/hoteldelfini.com\/index.php\/wp-json\/wp\/v2\/types\/page"}],"author":[{"embeddable":true,"href":"https:\/\/hoteldelfini.com\/index.php\/wp-json\/wp\/v2\/users\/1"}],"replies":[{"embeddable":true,"href":"https:\/\/hoteldelfini.com\/index.php\/wp-json\/wp\/v2\/comments?post=679"}],"version-history":[{"count":5,"href":"https:\/\/hoteldelfini.com\/index.php\/wp-json\/wp\/v2\/pages\/679\/revisions"}],"predecessor-version":[{"id":762,"href":"https:\/\/hoteldelfini.com\/index.php\/wp-json\/wp\/v2\/pages\/679\/revisions\/762"}],"wp:attachment":[{"href":"https:\/\/hoteldelfini.com\/index.php\/wp-json\/wp\/v2\/media?parent=679"}],"curies":[{"name":"wp","href":"https:\/\/api.w.org\/{rel}","templated":true}]}}