{"id":671,"date":"2020-08-07T08:33:14","date_gmt":"2020-08-07T08:33:14","guid":{"rendered":"https:\/\/hoteldelfini.com\/index.php\/location\/"},"modified":"2020-08-24T14:26:31","modified_gmt":"2020-08-24T14:26:31","slug":"vendndodhja","status":"publish","type":"page","link":"https:\/\/hoteldelfini.com\/index.php\/vendndodhja\/?lang=sq","title":{"rendered":"Vendndodhja"},"content":{"rendered":"<div class=\"wpb-content-wrapper\"><p>[vc_row css=&#8221;.vc_custom_1595863896704{padding-top: 50px !important;padding-bottom: 50px !important;}&#8221;][vc_column width=&#8221;1\/2&#8243;][vc_empty_space height=&#8221;30px&#8221;][vc_custom_heading text=&#8221;Saranda&#8221; use_theme_fonts=&#8221;yes&#8221;][vc_separator color=&#8221;custom&#8221; align=&#8221;align_left&#8221; border_width=&#8221;3&#8243; el_width=&#8221;10&#8243; accent_color=&#8221;#6190a5&#8243;][vc_column_text]<b>Saranda<\/b>\u00a0\u00ebsht\u00eb\u00a0qytet\u00a0n\u00eb\u00a0Shqip\u00ebrin\u00eb\u00a0jugore i vendosur ne bregun e\u00a0detit Jon. \u00cbsht\u00eb e vendosur n\u00eb nj\u00eb shpat mali. Saranda \u00ebsht\u00eb nj\u00eb qytet bregdetar n\u00eb Shqip\u00ebri nd\u00ebr m\u00eb t\u00eb frekuentuarit gjat\u00eb ver\u00ebs dhe konsiderohet si kryeqyteti i ver\u00ebs.<\/p>\n<p>Nga veriu qyteti Sarand\u00eb kufizohet me Kakomen\u00eb dhe Hamalloin, nga juglindja me L\u00ebkur\u00ebsin (fshati shp\u00ebrngulur qysh n\u00eb koh\u00ebn e Luft\u00ebs s\u00eb L\u00ebkur\u00ebsit, m\u00eb 1878, sot topog\u00ebrmadh\u00eb), nga lindja me Gjasht\u00ebn dhe nga per\u00ebndimi me Detin Jon. Saranda ka nj\u00eb klim\u00eb tipike mesdhetare. Saranda ka numrin m\u00eb t\u00eb lart\u00eb t\u00eb dit\u00ebve me diell edhe n\u00eb Evrop\u00eb, mbi 270 dit\u00eb. Pasurit\u00eb natyrore. Zona e Sarand\u00ebs karakterizohet nga nj\u00eb num\u00ebr i madh habitatesh natyrore, gjysm\u00ebnatyrore dhe artificiale[\/vc_column_text][\/vc_column][vc_column width=&#8221;1\/2&#8243;][vc_gmaps link=&#8221;#E-8_JTNDaWZyYW1lJTIwc3JjJTNEJTIyaHR0cHMlM0ElMkYlMkZ3d3cuZ29vZ2xlLmNvbSUyRm1hcHMlMkZlbWJlZCUzRnBiJTNEJTIxMW0xNCUyMTFtOCUyMTFtMyUyMTFkMTIyNDkuMTQ5MjExNDU2NjEyJTIxMmQyMC4wMTUxMSUyMTNkMzkuODY3ODAyJTIxM20yJTIxMWkxMDI0JTIxMmk3NjglMjE0ZjEzLjElMjEzbTMlMjExbTIlMjExczB4MCUyNTNBMHhiYTc2MDkwNjQ5NTY0NDljJTIxMnNIb3RlbCUyNTIwRGVsZmluaSUyMTVlMCUyMTNtMiUyMTFzZW4lMjEyc3VzJTIxNHYxNTk2Nzg4MTU5NjM2JTIxNW0yJTIxMXNlbiUyMTJzdXMlMjIlMjB3aWR0aCUzRCUyMjYwMCUyMiUyMGhlaWdodCUzRCUyMjQ1MCUyMiUyMGZyYW1lYm9yZGVyJTNEJTIyMCUyMiUyMHN0eWxlJTNEJTIyYm9yZGVyJTNBMCUzQiUyMiUyMGFsbG93ZnVsbHNjcmVlbiUzRCUyMiUyMiUyMGFyaWEtaGlkZGVuJTNEJTIyZmFsc2UlMjIlMjB0YWJpbmRleCUzRCUyMjAlMjIlM0UlM0MlMkZpZnJhbWUlM0U=&#8221;][\/vc_column][\/vc_row][vc_row css=&#8221;.vc_custom_1596790204596{padding-bottom: 50px !important;}&#8221;][vc_column][vc_custom_heading text=&#8221;Si t\u00eb shkoni n\u00eb Hotel Delfini&#8221; font_container=&#8221;tag:h2|text_align:center&#8221; use_theme_fonts=&#8221;yes&#8221;][vc_separator color=&#8221;custom&#8221; border_width=&#8221;3&#8243; el_width=&#8221;10&#8243; accent_color=&#8221;#6190a5&#8243;][vc_row_inner][vc_column_inner width=&#8221;1\/3&#8243;]<div class=\"aio-icon-component   ic_class style_2\"><div id=\"Info-box-wrap-2859\" class=\"aio-icon-box top-icon\" style=\"\"  ><div class=\"aio-icon-top\"><div class=\"ult-just-icon-wrapper  \"><div class=\"align-icon\" style=\"text-align:center;\">\n<div class=\"aio-icon-img \" style=\"font-size:50px;display:inline-block;\" >\n\t<img decoding=\"async\" class=\"img-icon\" alt=\"null\" src=\"https:\/\/hoteldelfini.com\/wp-content\/uploads\/2020\/08\/plane.png\"\/>\n<\/div><\/div><\/div><\/div><div class=\"aio-icon-header\" ><h3 class=\"aio-icon-title ult-responsive\"  data-ultimate-target='#Info-box-wrap-2859 .aio-icon-title'  data-responsive-json-new='{\"font-size\":\"\",\"line-height\":\"\"}'  style=\"color:#ffffff;\">Nga Ajri<\/h3><\/div> <!-- header --><\/div> <!-- aio-icon-box --><\/div> <!-- aio-icon-component --><div class=\"aio-icon-component    style_2\"><div id=\"Info-box-wrap-4765\" class=\"aio-icon-box top-icon\" style=\"\"  ><div class=\"aio-icon-header\" ><h4 class=\"aio-icon-title ult-responsive\"  data-ultimate-target='#Info-box-wrap-4765 .aio-icon-title'  data-responsive-json-new='{\"font-size\":\"\",\"line-height\":\"\"}'  style=\"\">Aeroporti Nene Tereza ( 278 km )<\/h4><\/div> <!-- header --><\/div> <!-- aio-icon-box --><\/div> <!-- aio-icon-component -->[vc_gmaps link=&#8221;#E-8_JTNDaWZyYW1lJTIwc3JjJTNEJTIyaHR0cHMlM0ElMkYlMkZ3d3cuZ29vZ2xlLmNvbSUyRm1hcHMlMkZlbWJlZCUzRnBiJTNEJTIxMW0yOCUyMTFtMTIlMjExbTMlMjExZDc3NTAwMi4zMTAyOTQ5ODYxJTIxMmQxOS4yOTIzNzU1ODcwMTcyMjYlMjEzZDQwLjY0NDE1MzQwMjAxNTUyJTIxMm0zJTIxMWYwJTIxMmYwJTIxM2YwJTIxM20yJTIxMWkxMDI0JTIxMmk3NjglMjE0ZjEzLjElMjE0bTEzJTIxM2UwJTIxNG01JTIxMXMweDEzNTAyZDA3MTJjNTYwN2YlMjUzQTB4NTI1NGMxZjYyZDUyODZkYiUyMTJzVGlyYW5hJTI1MjBJbnRlcm5hdGlvbmFsJTI1MjBBaXJwb3J0JTI1MkMlMjUyMFRpcmFuYSUyMTNtMiUyMTFkNDEuNDE5MDkzNiUyMTJkMTkuNzEyNTc2MyUyMTRtNSUyMTFzMHgxMzViMTRmMThhMTcwNWE5JTI1M0EweGJhNzYwOTA2NDk1NjQ0OWMlMjEyc0hvdGVsJTI1MjBEZWxmaW5pJTI1MkMlMjUyMFNhcmFuZCUyNUMzJTI1QUIlMjEzbTIlMjExZDM5Ljg2NzgwMTclMjEyZDIwLjAxNTExMDM5OTk5OTk5OCUyMTVlMCUyMTNtMiUyMTFzZW4lMjEycyUyMTR2MTU5NzY0OTg0MTQ3OCUyMTVtMiUyMTFzZW4lMjEycyUyMiUyMHdpZHRoJTNEJTIyNjAwJTIyJTIwaGVpZ2h0JTNEJTIyNDUwJTIyJTIwZnJhbWVib3JkZXIlM0QlMjIwJTIyJTIwc3R5bGUlM0QlMjJib3JkZXIlM0EwJTNCJTIyJTIwYWxsb3dmdWxsc2NyZWVuJTNEJTIyJTIyJTIwYXJpYS1oaWRkZW4lM0QlMjJmYWxzZSUyMiUyMHRhYmluZGV4JTNEJTIyMCUyMiUzRSUzQyUyRmlmcmFtZSUzRQ==&#8221;][\/vc_column_inner][vc_column_inner width=&#8221;1\/3&#8243;]<div class=\"aio-icon-component   ic_class style_2\"><div id=\"Info-box-wrap-7517\" class=\"aio-icon-box top-icon\" style=\"\"  ><div class=\"aio-icon-top\"><div class=\"ult-just-icon-wrapper  \"><div class=\"align-icon\" style=\"text-align:center;\">\n<div class=\"aio-icon-img \" style=\"font-size:50px;display:inline-block;\" >\n\t<img decoding=\"async\" class=\"img-icon\" alt=\"null\" src=\"https:\/\/hoteldelfini.com\/wp-content\/uploads\/2020\/08\/ship.png\"\/>\n<\/div><\/div><\/div><\/div><div class=\"aio-icon-header\" ><h3 class=\"aio-icon-title ult-responsive\"  data-ultimate-target='#Info-box-wrap-7517 .aio-icon-title'  data-responsive-json-new='{\"font-size\":\"\",\"line-height\":\"\"}'  style=\"color:#ffffff;\">Nga Deti<\/h3><\/div> <!-- header --><\/div> <!-- aio-icon-box --><\/div> <!-- aio-icon-component --><div class=\"aio-icon-component    style_2\"><div id=\"Info-box-wrap-3790\" class=\"aio-icon-box top-icon\" style=\"\"  ><div class=\"aio-icon-header\" ><h4 class=\"aio-icon-title ult-responsive\"  data-ultimate-target='#Info-box-wrap-3790 .aio-icon-title'  data-responsive-json-new='{\"font-size\":\"\",\"line-height\":\"\"}'  style=\"\">Porti i Sarandes ( 1.9 km )<\/h4><\/div> <!-- header --><\/div> <!-- aio-icon-box --><\/div> <!-- aio-icon-component -->[vc_gmaps link=&#8221;#E-8_JTNDaWZyYW1lJTIwc3JjJTNEJTIyaHR0cHMlM0ElMkYlMkZ3d3cuZ29vZ2xlLmNvbSUyRm1hcHMlMkZlbWJlZCUzRnBiJTNEJTIxMW0yOCUyMTFtMTIlMjExbTMlMjExZDMwNjIuMTM2NTAwNjY4MjY5JTIxMmQyMC4wMDY0NDQ4MTU2OTQ3MzUlMjEzZDM5Ljg3MTE4MDI0NjU2MDU3JTIxMm0zJTIxMWYwJTIxMmYwJTIxM2YwJTIxM20yJTIxMWkxMDI0JTIxMmk3NjglMjE0ZjEzLjElMjE0bTEzJTIxM2UwJTIxNG01JTIxMXMweDEzNWIxNGZjOWQyZGY1ODMlMjUzQTB4YWZlZWQxMmI4MmFmYTNjNSUyMTJzUG9ydCUyNTJDJTI1MjBTYXJhbmQlMjVDMyUyNUFCJTI1MkMlMjUyMEFsYmFuaWElMjEzbTIlMjExZDM5Ljg3MTQyMDc5OTk5OTk5NiUyMTJkMjAuMDAzMTI2NTk5OTk5OTk4JTIxNG01JTIxMXMweDEzNWIxNGYxOGExNzA1YTklMjUzQTB4YmE3NjA5MDY0OTU2NDQ5YyUyMTJzSG90ZWwlMjUyMERlbGZpbmklMjUyQyUyNTIwU2FyYW5kJTI1QzMlMjVBQiUyMTNtMiUyMTFkMzkuODY3ODAxNyUyMTJkMjAuMDE1MTEwMzk5OTk5OTk4JTIxNWUwJTIxM20yJTIxMXNlbiUyMTJzJTIxNHYxNTk3NjQ5NzA2Mjc3JTIxNW0yJTIxMXNlbiUyMTJzJTIyJTIwd2lkdGglM0QlMjI2MDAlMjIlMjBoZWlnaHQlM0QlMjI0NTAlMjIlMjBmcmFtZWJvcmRlciUzRCUyMjAlMjIlMjBzdHlsZSUzRCUyMmJvcmRlciUzQTAlM0IlMjIlMjBhbGxvd2Z1bGxzY3JlZW4lM0QlMjIlMjIlMjBhcmlhLWhpZGRlbiUzRCUyMmZhbHNlJTIyJTIwdGFiaW5kZXglM0QlMjIwJTIyJTNFJTNDJTJGaWZyYW1lJTNF&#8221;][\/vc_column_inner][vc_column_inner width=&#8221;1\/3&#8243;]<div class=\"aio-icon-component   ic_class style_2\"><div id=\"Info-box-wrap-1365\" class=\"aio-icon-box top-icon\" style=\"\"  ><div class=\"aio-icon-top\"><div class=\"ult-just-icon-wrapper  \"><div class=\"align-icon\" style=\"text-align:center;\">\n<div class=\"aio-icon-img \" style=\"font-size:50px;display:inline-block;\" >\n\t<img decoding=\"async\" class=\"img-icon\" alt=\"null\" src=\"https:\/\/hoteldelfini.com\/wp-content\/uploads\/2020\/08\/car.png\"\/>\n<\/div><\/div><\/div><\/div><div class=\"aio-icon-header\" ><h3 class=\"aio-icon-title ult-responsive\"  data-ultimate-target='#Info-box-wrap-1365 .aio-icon-title'  data-responsive-json-new='{\"font-size\":\"\",\"line-height\":\"\"}'  style=\"color:#ffffff;\">Nga Toka<\/h3><\/div> <!-- header --><\/div> <!-- aio-icon-box --><\/div> <!-- aio-icon-component --><div class=\"aio-icon-component    style_2\"><div id=\"Info-box-wrap-6888\" class=\"aio-icon-box top-icon\" style=\"\"  ><div class=\"aio-icon-header\" ><h4 class=\"aio-icon-title ult-responsive\"  data-ultimate-target='#Info-box-wrap-6888 .aio-icon-title'  data-responsive-json-new='{\"font-size\":\"\",\"line-height\":\"\"}'  style=\"\">Dogana: Kakavi ( 42.5 km ),Qafe Bote ( 33.6 km )<\/h4><\/div> <!-- header --><\/div> <!-- aio-icon-box --><\/div> <!-- aio-icon-component -->[vc_gmaps link=&#8221;#E-8_JTNDaWZyYW1lJTIwc3JjJTNEJTIyaHR0cHMlM0ElMkYlMkZ3d3cuZ29vZ2xlLmNvbSUyRm1hcHMlMkZlbWJlZCUzRnBiJTNEJTIxMW0yOCUyMTFtMTIlMjExbTMlMjExZDk3OTM1LjMwMTA0ODA5MTMlMjEyZDIwLjExNTM4MTUyMTc3MDAyMiUyMTNkMzkuOTA4MzE0NDYyNzExMyUyMTJtMyUyMTFmMCUyMTJmMCUyMTNmMCUyMTNtMiUyMTFpMTAyNCUyMTJpNzY4JTIxNGYxMy4xJTIxNG0xMyUyMTNlMCUyMTRtNSUyMTFzMHgxMzViYTdiZjhjYjVjNjhkJTI1M0EweDFhYTcyMGRmM2VjMDI4ZCUyMTJzQm9yZGVyJTI1MjBDcm9zc2luZyUyNTIwS2FrYXZpYSUyNTJDJTI1MjBTSDQlMjUyQyUyNTIwS2FrYXZpYSUyMTNtMiUyMTFkMzkuOTEyNjUyJTIxMmQyMC4zNTcwMDkyJTIxNG01JTIxMXMweDEzNWIxNGYxOGExNzA1YTklMjUzQTB4YmE3NjA5MDY0OTU2NDQ5YyUyMTJzSG90ZWwlMjUyMERlbGZpbmklMjUyQyUyNTIwU2FyYW5kJTI1QzMlMjVBQiUyMTNtMiUyMTFkMzkuODY3ODAxNyUyMTJkMjAuMDE1MTEwMzk5OTk5OTk4JTIxNWUwJTIxM20yJTIxMXNlbiUyMTJzJTIxNHYxNTk3NjUwODk0Mzk4JTIxNW0yJTIxMXNlbiUyMTJzJTIyJTIwd2lkdGglM0QlMjI2MDAlMjIlMjBoZWlnaHQlM0QlMjIyMjAlMjIlMjBmcmFtZWJvcmRlciUzRCUyMjAlMjIlMjBzdHlsZSUzRCUyMmJvcmRlciUzQTAlM0IlMjIlMjBhbGxvd2Z1bGxzY3JlZW4lM0QlMjIlMjIlMjBhcmlhLWhpZGRlbiUzRCUyMmZhbHNlJTIyJTIwdGFiaW5kZXglM0QlMjIwJTIyJTNFJTNDJTJGaWZyYW1lJTNF&#8221;][vc_gmaps link=&#8221;#E-8_JTNDaWZyYW1lJTIwc3JjJTNEJTIyaHR0cHMlM0ElMkYlMkZ3d3cuZ29vZ2xlLmNvbSUyRm1hcHMlMkZlbWJlZCUzRnBiJTNEJTIxMW0yOCUyMTFtMTIlMjExbTMlMjExZDE5NjIyOS4wNjU0NDAwNTQxNCUyMTJkMTkuOTUwNjExNzc1MDk0MzM3JTIxM2QzOS43ODI3NzkxNDI0MDUzOCUyMTJtMyUyMTFmMCUyMTJmMCUyMTNmMCUyMTNtMiUyMTFpMTAyNCUyMTJpNzY4JTIxNGYxMy4xJTIxNG0xMyUyMTNlMCUyMTRtNSUyMTFzMHgxMzViNzAwYTNmYzYzNWJiJTI1M0EweDRkZGViMTk4NjliOTc5ZTQlMjEyc0JvcmRlciUyNTIwQ3Jvc3NpbmclMjUyMFFhZiUyNUMzJTI1QUIlMjUyMEJvdCUyNUMzJTI1QUIlMjUyMC0lMjUyMFNhZ2lhZGElMjUyQyUyNTIwS29uaXNwb2wlMjEzbTIlMjExZDM5LjY2NDEyNyUyMTJkMjAuMTY2OTI1OSUyMTRtNSUyMTFzMHgxMzViMTRmMThhMTcwNWE5JTI1M0EweGJhNzYwOTA2NDk1NjQ0OWMlMjEyc0hvdGVsJTI1MjBEZWxmaW5pJTI1MkMlMjUyMFNhcmFuZCUyNUMzJTI1QUIlMjEzbTIlMjExZDM5Ljg2NzgwMTclMjEyZDIwLjAxNTExMDM5OTk5OTk5OCUyMTVlMCUyMTNtMiUyMTFzZW4lMjEycyUyMTR2MTU5NzY1MDgzMDQzMSUyMTVtMiUyMTFzZW4lMjEycyUyMiUyMHdpZHRoJTNEJTIyNjAwJTIyJTIwaGVpZ2h0JTNEJTIyMjIwJTIyJTIwZnJhbWVib3JkZXIlM0QlMjIwJTIyJTIwc3R5bGUlM0QlMjJib3JkZXIlM0EwJTNCJTIyJTIwYWxsb3dmdWxsc2NyZWVuJTNEJTIyJTIyJTIwYXJpYS1oaWRkZW4lM0QlMjJmYWxzZSUyMiUyMHRhYmluZGV4JTNEJTIyMCUyMiUzRSUzQyUyRmlmcmFtZSUzRQ==&#8221;][\/vc_column_inner][\/vc_row_inner][\/vc_column][\/vc_row][vc_row bg_type=&#8221;image&#8221; parallax_style=&#8221;vcpb-default&#8221; bg_image_new=&#8221;id^338|url^https:\/\/hoteldelfini.com\/wp-content\/uploads\/2020\/08\/slider-g1.jpg|caption^null|alt^null|title^slider-g1|description^null&#8221; bg_img_attach=&#8221;fixed&#8221; bg_override=&#8221;ex-full&#8221; enable_overlay=&#8221;enable_overlay_value&#8221; overlay_color=&#8221;#0c0c0c&#8221; overlay_pattern_opacity=&#8221;0.5&#8243;][vc_column css=&#8221;.vc_custom_1595862563381{padding-top: 80px !important;padding-bottom: 80px !important;}&#8221;][vc_custom_heading text=&#8221;Kontakt&#8221; font_container=&#8221;tag:h1|text_align:center|color:%23ffffff&#8221; use_theme_fonts=&#8221;yes&#8221; css=&#8221;.vc_custom_1598276309179{padding-top: 20px !important;padding-left: 20px !important;}&#8221;][vc_custom_heading text=&#8221;P\u00ebr m\u00eb shum\u00eb informacion na kontaktoni&#8221; font_container=&#8221;tag:h2|text_align:center|color:%23ffffff&#8221; use_theme_fonts=&#8221;yes&#8221; css=&#8221;.vc_custom_1598276324419{padding-top: 20px !important;padding-left: 20px !important;}&#8221;][vc_empty_space][vc_btn title=&#8221;Na Kontaktoni&#8221; style=&#8221;outline-custom&#8221; outline_custom_color=&#8221;#ffffff&#8221; outline_custom_hover_background=&#8221;#ffffff&#8221; outline_custom_hover_text=&#8221;#6190a5&#8243; align=&#8221;center&#8221; css=&#8221;.vc_custom_1598279195417{padding-left: 20px !important;}&#8221; link=&#8221;url:https%3A%2F%2Fhoteldelfini.com%2Findex.php%2Fkontakt%2F%3Flang%3Dsq|title:Kontakt||&#8221;][\/vc_column][\/vc_row]<\/p>\n<\/div>","protected":false},"excerpt":{"rendered":"<p>[vc_row css=&#8221;.vc_custom_1595863896704{padding-top: 50px !important;padding-bottom: 50px !important;}&#8221;][vc_column width=&#8221;1\/2&#8243;][vc_empty_space height=&#8221;30px&#8221;][vc_custom_heading text=&#8221;Saranda&#8221; use_theme_fonts=&#8221;yes&#8221;][vc_separator color=&#8221;custom&#8221; align=&#8221;align_left&#8221; border_width=&#8221;3&#8243; el_width=&#8221;10&#8243; accent_color=&#8221;#6190a5&#8243;][vc_column_text]Saranda\u00a0\u00ebsht\u00eb\u00a0qytet\u00a0n\u00eb\u00a0Shqip\u00ebrin\u00eb\u00a0jugore i vendosur ne bregun e\u00a0detit Jon. \u00cbsht\u00eb e vendosur n\u00eb nj\u00eb shpat mali. Saranda \u00ebsht\u00eb nj\u00eb qytet bregdetar n\u00eb Shqip\u00ebri nd\u00ebr m\u00eb t\u00eb frekuentuarit gjat\u00eb ver\u00ebs dhe konsiderohet si kryeqyteti i ver\u00ebs. Nga veriu qyteti Sarand\u00eb kufizohet me Kakomen\u00eb dhe&hellip;<\/p>\n","protected":false},"author":1,"featured_media":0,"parent":0,"menu_order":0,"comment_status":"closed","ping_status":"closed","template":"","meta":{"footnotes":""},"class_list":["post-671","page","type-page","status-publish","hentry","description-off"],"_links":{"self":[{"href":"https:\/\/hoteldelfini.com\/index.php\/wp-json\/wp\/v2\/pages\/671","targetHints":{"allow":["GET"]}}],"collection":[{"href":"https:\/\/hoteldelfini.com\/index.php\/wp-json\/wp\/v2\/pages"}],"about":[{"href":"https:\/\/hoteldelfini.com\/index.php\/wp-json\/wp\/v2\/types\/page"}],"author":[{"embeddable":true,"href":"https:\/\/hoteldelfini.com\/index.php\/wp-json\/wp\/v2\/users\/1"}],"replies":[{"embeddable":true,"href":"https:\/\/hoteldelfini.com\/index.php\/wp-json\/wp\/v2\/comments?post=671"}],"version-history":[{"count":4,"href":"https:\/\/hoteldelfini.com\/index.php\/wp-json\/wp\/v2\/pages\/671\/revisions"}],"predecessor-version":[{"id":761,"href":"https:\/\/hoteldelfini.com\/index.php\/wp-json\/wp\/v2\/pages\/671\/revisions\/761"}],"wp:attachment":[{"href":"https:\/\/hoteldelfini.com\/index.php\/wp-json\/wp\/v2\/media?parent=671"}],"curies":[{"name":"wp","href":"https:\/\/api.w.org\/{rel}","templated":true}]}}