{"id":504,"date":"2020-07-27T14:02:42","date_gmt":"2020-07-27T14:02:42","guid":{"rendered":"https:\/\/hoteldelfini.com\/index.php\/standard-triple-room-with-large-balcony-sea-view\/"},"modified":"2020-09-01T10:00:49","modified_gmt":"2020-09-01T10:00:49","slug":"dhome-treshe-standarte-me-ballkon-pamje-nga-deti","status":"publish","type":"page","link":"https:\/\/hoteldelfini.com\/index.php\/dhome-treshe-standarte-me-ballkon-pamje-nga-deti\/?lang=sq","title":{"rendered":"Dhome Treshe Standarte me Ballkon &#038; Pamje nga Deti"},"content":{"rendered":"<div class=\"wpb-content-wrapper\"><p>[vc_row][vc_column width=&#8221;1\/2&#8243;][vc_single_image image=&#8221;508&#8243; img_size=&#8221;full&#8221; onclick=&#8221;link_image&#8221;][\/vc_column][vc_column width=&#8221;1\/2&#8243;][vc_custom_heading text=&#8221;Dhome Treshe Standarte&#8221; use_theme_fonts=&#8221;yes&#8221;][vc_custom_heading text=&#8221;me Ballkon &amp; Pamje nga Deti&#8221; font_container=&#8221;tag:h4|text_align:left&#8221; use_theme_fonts=&#8221;yes&#8221;][vc_column_text]Dhoma Standarte p\u00ebrfshin nj\u00eb krevat dopio dhe 1 krevat tek, pajisje t\u00eb tjera si: tualet, frigorifer, TV me ekran t\u00eb shesht\u00eb, kuti sigurie, aj\u00ebr t\u00eb kondicionuar, banj\u00eb private, thar\u00ebse flok\u00ebsh, peshqir, dollap.[\/vc_column_text][vc_row_inner][vc_column_inner width=&#8221;1\/3&#8243;]<div class=\"aio-icon-component    style_2\"><div id=\"Info-box-wrap-6466\" class=\"aio-icon-box top-icon\" style=\"\"  ><div class=\"aio-icon-top\"><div class=\"ult-just-icon-wrapper  \"><div class=\"align-icon\" style=\"text-align:center;\">\n<div class=\"aio-icon-img  uavc-circle \" style=\"font-size:50px;background:#6190a5;display:inline-block;\" >\n\t<img decoding=\"async\" class=\"img-icon\" alt=\"null\" src=\"https:\/\/hoteldelfini.com\/wp-content\/uploads\/2020\/08\/house-plan.png\"\/>\n<\/div><\/div><\/div><\/div><div class=\"aio-icon-header\" ><h3 class=\"aio-icon-title ult-responsive\"  data-ultimate-target='#Info-box-wrap-6466 .aio-icon-title'  data-responsive-json-new='{\"font-size\":\"desktop:20px;\",\"line-height\":\"\"}'  style=\"\">Sip. e Dhomes: 35m<sup>2<\/sup><\/h3><\/div> <!-- header --><\/div> <!-- aio-icon-box --><\/div> <!-- aio-icon-component -->[\/vc_column_inner][vc_column_inner width=&#8221;1\/3&#8243;]<div class=\"aio-icon-component    style_2\"><div id=\"Info-box-wrap-2811\" class=\"aio-icon-box top-icon\" style=\"\"  ><div class=\"aio-icon-top\"><div class=\"ult-just-icon-wrapper  \"><div class=\"align-icon\" style=\"text-align:center;\">\n<div class=\"aio-icon-img  uavc-circle \" style=\"font-size:50px;background:#6190a5;display:inline-block;\" >\n\t<img decoding=\"async\" class=\"img-icon\" alt=\"null\" src=\"https:\/\/hoteldelfini.com\/wp-content\/uploads\/2020\/08\/bed.png\"\/>\n<\/div><\/div><\/div><\/div><div class=\"aio-icon-header\" ><h3 class=\"aio-icon-title ult-responsive\"  data-ultimate-target='#Info-box-wrap-2811 .aio-icon-title'  data-responsive-json-new='{\"font-size\":\"desktop:20px;\",\"line-height\":\"\"}'  style=\"\">1 Krevat Dopio + 1 Krevat Tek<\/h3><\/div> <!-- header --><\/div> <!-- aio-icon-box --><\/div> <!-- aio-icon-component -->[\/vc_column_inner][vc_column_inner width=&#8221;1\/3&#8243;]<div class=\"aio-icon-component    style_2\"><div id=\"Info-box-wrap-5592\" class=\"aio-icon-box top-icon\" style=\"\"  ><div class=\"aio-icon-top\"><div class=\"ult-just-icon-wrapper  \"><div class=\"align-icon\" style=\"text-align:center;\">\n<div class=\"aio-icon-img  uavc-circle \" style=\"font-size:50px;background:#6190a5;display:inline-block;\" >\n\t<img decoding=\"async\" class=\"img-icon\" alt=\"null\" src=\"https:\/\/hoteldelfini.com\/wp-content\/uploads\/2020\/08\/man.png\"\/>\n<\/div><\/div><\/div><\/div><div class=\"aio-icon-header\" ><h3 class=\"aio-icon-title ult-responsive\"  data-ultimate-target='#Info-box-wrap-5592 .aio-icon-title'  data-responsive-json-new='{\"font-size\":\"desktop:20px;\",\"line-height\":\"\"}'  style=\"\">3 Persona<\/h3><\/div> <!-- header --><\/div> <!-- aio-icon-box --><\/div> <!-- aio-icon-component -->[\/vc_column_inner][\/vc_row_inner][\/vc_column][\/vc_row][vc_row][vc_column width=&#8221;2\/3&#8243;]<div id=\"ult-carousel-188383541669dd3f27de89e\" class=\"ult-carousel-wrapper   ult_horizontal\" data-gutter=\"15\" data-rtl=\"false\" ><div class=\"ult-carousel-246328994369dd3f27de7c3 \" >[vc_single_image image=&#8221;509&#8243; img_size=&#8221;600&#215;400&#8243; onclick=&#8221;link_image&#8221;][vc_single_image image=&#8221;510&#8243; img_size=&#8221;600&#215;400&#8243; onclick=&#8221;link_image&#8221;][vc_single_image image=&#8221;512&#8243; img_size=&#8221;600&#215;400&#8243; onclick=&#8221;link_image&#8221;][vc_single_image image=&#8221;513&#8243; img_size=&#8221;600&#215;400&#8243; onclick=&#8221;link_image&#8221;][vc_single_image image=&#8221;514&#8243; img_size=&#8221;600&#215;400&#8243; onclick=&#8221;link_image&#8221;][vc_single_image image=&#8221;511&#8243; img_size=&#8221;600&#215;400&#8243; onclick=&#8221;link_image&#8221;]<\/div><\/div>\t\t\t<script type=\"text\/javascript\">\n\t\t\t\tjQuery(document).ready(function ($) {\n\t\t\t\t\tif( typeof jQuery('.ult-carousel-246328994369dd3f27de7c3').slick == \"function\"){\n\t\t\t\t\t\t$('.ult-carousel-246328994369dd3f27de7c3').slick({dots: true,autoplay: true,autoplaySpeed: \"5000\",speed: \"300\",infinite: true,arrows: false,slidesToScroll:4,slidesToShow:4,swipe: true,draggable: true,touchMove: true,pauseOnHover: true,pauseOnFocus: false,responsive: [\n\t\t\t\t\t\t\t{\n\t\t\t\t\t\t\t  breakpoint: 1026,\n\t\t\t\t\t\t\t  settings: {\n\t\t\t\t\t\t\t\tslidesToShow: 4,\n\t\t\t\t\t\t\t\tslidesToScroll: 4,  \n\t\t\t\t\t\t\t  }\n\t\t\t\t\t\t\t},\n\t\t\t\t\t\t\t{\n\t\t\t\t\t\t\t  breakpoint: 1025,\n\t\t\t\t\t\t\t  settings: {\n\t\t\t\t\t\t\t\tslidesToShow: 3,\n\t\t\t\t\t\t\t\tslidesToScroll: 3\n\t\t\t\t\t\t\t  }\n\t\t\t\t\t\t\t},\n\t\t\t\t\t\t\t{\n\t\t\t\t\t\t\t  breakpoint: 760,\n\t\t\t\t\t\t\t  settings: {\n\t\t\t\t\t\t\t\tslidesToShow: 2,\n\t\t\t\t\t\t\t\tslidesToScroll: 2\n\t\t\t\t\t\t\t  }\n\t\t\t\t\t\t\t}\n\t\t\t\t\t\t],pauseOnDotsHover: true,customPaging: function(slider, i) {\n                   return '<i type=\"button\" style= \"color:#6190a5;\" class=\"ultsl-record\" data-role=\"none\"><\/i>';\n                },});\n\t\t\t\t\t}\n\t\t\t\t});\n\t\t\t<\/script>\n\t\t\t[\/vc_column][vc_column width=&#8221;1\/3&#8243;][vc_empty_space][vc_btn title=&#8221;Rezervo Tani&#8221; style=&#8221;outline-custom&#8221; outline_custom_color=&#8221;#6190a5&#8243; outline_custom_hover_background=&#8221;#6190a5&#8243; outline_custom_hover_text=&#8221;#ffffff&#8221; align=&#8221;center&#8221; button_block=&#8221;true&#8221; link=&#8221;url:https%3A%2F%2Fhoteldelfini.com%2Findex.php%2Frezervo%2F%3Flang%3Dsq|||&#8221;][\/vc_column][\/vc_row]<\/p>\n<\/div>","protected":false},"excerpt":{"rendered":"<p>[vc_row][vc_column width=&#8221;1\/2&#8243;][vc_single_image image=&#8221;508&#8243; img_size=&#8221;full&#8221; onclick=&#8221;link_image&#8221;][\/vc_column][vc_column width=&#8221;1\/2&#8243;][vc_custom_heading text=&#8221;Dhome Treshe Standarte&#8221; use_theme_fonts=&#8221;yes&#8221;][vc_custom_heading text=&#8221;me Ballkon &amp; Pamje nga Deti&#8221; font_container=&#8221;tag:h4|text_align:left&#8221; use_theme_fonts=&#8221;yes&#8221;][vc_column_text]Dhoma Standarte p\u00ebrfshin nj\u00eb krevat dopio dhe 1 krevat tek, pajisje t\u00eb tjera si: tualet, frigorifer, TV me ekran t\u00eb shesht\u00eb, kuti sigurie, aj\u00ebr t\u00eb kondicionuar, banj\u00eb private, thar\u00ebse flok\u00ebsh, peshqir, dollap.[\/vc_column_text][vc_row_inner][vc_column_inner width=&#8221;1\/3&#8243;][\/vc_column_inner][vc_column_inner width=&#8221;1\/3&#8243;][\/vc_column_inner][vc_column_inner width=&#8221;1\/3&#8243;][\/vc_column_inner][\/vc_row_inner][\/vc_column][\/vc_row][vc_row][vc_column width=&#8221;2\/3&#8243;][\/vc_column][vc_column width=&#8221;1\/3&#8243;][vc_empty_space][vc_btn title=&#8221;Rezervo&hellip;<\/p>\n","protected":false},"author":1,"featured_media":0,"parent":0,"menu_order":0,"comment_status":"closed","ping_status":"closed","template":"","meta":{"footnotes":""},"class_list":["post-504","page","type-page","status-publish","hentry","description-off"],"_links":{"self":[{"href":"https:\/\/hoteldelfini.com\/index.php\/wp-json\/wp\/v2\/pages\/504","targetHints":{"allow":["GET"]}}],"collection":[{"href":"https:\/\/hoteldelfini.com\/index.php\/wp-json\/wp\/v2\/pages"}],"about":[{"href":"https:\/\/hoteldelfini.com\/index.php\/wp-json\/wp\/v2\/types\/page"}],"author":[{"embeddable":true,"href":"https:\/\/hoteldelfini.com\/index.php\/wp-json\/wp\/v2\/users\/1"}],"replies":[{"embeddable":true,"href":"https:\/\/hoteldelfini.com\/index.php\/wp-json\/wp\/v2\/comments?post=504"}],"version-history":[{"count":5,"href":"https:\/\/hoteldelfini.com\/index.php\/wp-json\/wp\/v2\/pages\/504\/revisions"}],"predecessor-version":[{"id":781,"href":"https:\/\/hoteldelfini.com\/index.php\/wp-json\/wp\/v2\/pages\/504\/revisions\/781"}],"wp:attachment":[{"href":"https:\/\/hoteldelfini.com\/index.php\/wp-json\/wp\/v2\/media?parent=504"}],"curies":[{"name":"wp","href":"https:\/\/api.w.org\/{rel}","templated":true}]}}