{"id":466,"date":"2020-07-27T15:18:26","date_gmt":"2020-07-27T15:18:26","guid":{"rendered":"https:\/\/hoteldelfini.com\/index.php\/rooms\/"},"modified":"2020-08-24T14:25:06","modified_gmt":"2020-08-24T14:25:06","slug":"dhomat-tona","status":"publish","type":"page","link":"https:\/\/hoteldelfini.com\/index.php\/dhomat-tona\/?lang=sq","title":{"rendered":"Dhomat Tona"},"content":{"rendered":"<div class=\"wpb-content-wrapper\"><p>[vc_row full_width=&#8221;stretch_row_content&#8221; css=&#8221;.vc_custom_1595863430254{padding-bottom: 50px !important;}&#8221;][vc_column][vc_custom_heading text=&#8221;Dhomat Tona&#8221; font_container=&#8221;tag:h2|text_align:center&#8221; use_theme_fonts=&#8221;yes&#8221;][vc_separator color=&#8221;custom&#8221; border_width=&#8221;3&#8243; el_width=&#8221;10&#8243; accent_color=&#8221;#6190a5&#8243;][\/vc_column][\/vc_row][vc_row css=&#8221;.vc_custom_1595863327664{margin-bottom: 20px !important;padding-bottom: 20px !important;}&#8221;][vc_column width=&#8221;1\/3&#8243;]<div class=\"ult-content-box-container \" >\t\t<div class=\"ult-content-box\" style=\"background-color:#6190a5;box-shadow: px px px px none;padding-bottom:20px;margin-top:15px;-webkit-transition: all 700ms ease;-moz-transition: all 700ms ease;-ms-transition: all 700ms ease;-o-transition: all 700ms ease;transition: all 700ms ease;\"  data-hover_box_shadow=\"none\"    data-normal_margins=\"margin-top:15px;\"   data-bg=\"#6190a5\" >[vc_single_image image=&#8221;453&#8243; img_size=&#8221;438&#215;293&#8243;][vc_custom_heading text=&#8221;Dhome Standart&#8221; font_container=&#8221;tag:h3|text_align:left|color:%23ffffff&#8221; use_theme_fonts=&#8221;yes&#8221; css=&#8221;.vc_custom_1598271154322{padding-left: 20px !important;}&#8221;][vc_btn title=&#8221;Detajet&#8221; style=&#8221;outline-custom&#8221; outline_custom_color=&#8221;#ffffff&#8221; outline_custom_hover_background=&#8221;#ffffff&#8221; outline_custom_hover_text=&#8221;#6190a5&#8243; css=&#8221;.vc_custom_1598279070331{padding-left: 20px !important;}&#8221; link=&#8221;url:https%3A%2F%2Fhoteldelfini.com%2Findex.php%2Fdhoma-standarte%2F%3Flang%3Dsq|title:Dhoma%20Standarte||&#8221;]\t\t<\/div><\/div>[\/vc_column][vc_column width=&#8221;1\/3&#8243;]<div class=\"ult-content-box-container \" >\t\t<div class=\"ult-content-box\" style=\"background-color:#6190a5;box-shadow: px px px px none;padding-bottom:20px;margin-top:15px;-webkit-transition: all 700ms ease;-moz-transition: all 700ms ease;-ms-transition: all 700ms ease;-o-transition: all 700ms ease;transition: all 700ms ease;\"  data-hover_box_shadow=\"none\"    data-normal_margins=\"margin-top:15px;\"   data-bg=\"#6190a5\" >[vc_single_image image=&#8221;449&#8243; img_size=&#8221;438&#215;293&#8243;][vc_custom_heading text=&#8221;Dhome Superiore&#8221; font_container=&#8221;tag:h3|text_align:left|color:%23ffffff&#8221; use_theme_fonts=&#8221;yes&#8221; css=&#8221;.vc_custom_1598271165895{padding-left: 20px !important;}&#8221;][vc_btn title=&#8221;Detajet&#8221; style=&#8221;outline-custom&#8221; outline_custom_color=&#8221;#ffffff&#8221; outline_custom_hover_background=&#8221;#ffffff&#8221; outline_custom_hover_text=&#8221;#6190a5&#8243; css=&#8221;.vc_custom_1598279077631{padding-left: 20px !important;}&#8221; link=&#8221;url:https%3A%2F%2Fhoteldelfini.com%2Findex.php%2Fdhoma-superiore%2F%3Flang%3Dsq|title:Dhoma%20Superiore||&#8221;]\t\t<\/div><\/div>[\/vc_column][vc_column width=&#8221;1\/3&#8243;]<div class=\"ult-content-box-container \" >\t\t<div class=\"ult-content-box\" style=\"background-color:#6190a5;box-shadow: px px px px none;padding-bottom:20px;margin-top:15px;-webkit-transition: all 700ms ease;-moz-transition: all 700ms ease;-ms-transition: all 700ms ease;-o-transition: all 700ms ease;transition: all 700ms ease;\"  data-hover_box_shadow=\"none\"    data-normal_margins=\"margin-top:15px;\"   data-bg=\"#6190a5\" >[vc_single_image image=&#8221;448&#8243; img_size=&#8221;438&#215;293&#8243;][vc_custom_heading text=&#8221;Dhome Deluxe&#8221; font_container=&#8221;tag:h3|text_align:left|color:%23ffffff&#8221; use_theme_fonts=&#8221;yes&#8221; css=&#8221;.vc_custom_1598271174407{padding-left: 20px !important;}&#8221;][vc_btn title=&#8221;Detajet&#8221; style=&#8221;outline-custom&#8221; outline_custom_color=&#8221;#ffffff&#8221; outline_custom_hover_background=&#8221;#ffffff&#8221; outline_custom_hover_text=&#8221;#6190a5&#8243; css=&#8221;.vc_custom_1598279094151{padding-left: 20px !important;}&#8221; link=&#8221;url:https%3A%2F%2Fhoteldelfini.com%2Findex.php%2Fdhoma-deluxe%2F%3Flang%3Dsq|title:Dhoma%20Deluxe||&#8221;]\t\t<\/div><\/div>[\/vc_column][\/vc_row][vc_row bg_type=&#8221;image&#8221; parallax_style=&#8221;vcpb-default&#8221; bg_image_new=&#8221;id^338|url^https:\/\/hoteldelfini.com\/wp-content\/uploads\/2020\/08\/slider-g1.jpg|caption^null|alt^null|title^slider-g1|description^null&#8221; bg_img_attach=&#8221;fixed&#8221; bg_override=&#8221;ex-full&#8221; enable_overlay=&#8221;enable_overlay_value&#8221; overlay_color=&#8221;#0c0c0c&#8221; overlay_pattern_opacity=&#8221;0.5&#8243;][vc_column css=&#8221;.vc_custom_1595862563381{padding-top: 80px !important;padding-bottom: 80px !important;}&#8221;][vc_custom_heading text=&#8221;Kontakt&#8221; font_container=&#8221;tag:h1|text_align:center|color:%23ffffff&#8221; use_theme_fonts=&#8221;yes&#8221; css=&#8221;.vc_custom_1598271182238{padding-top: 20px !important;padding-left: 20px !important;}&#8221;][vc_custom_heading text=&#8221;P\u00ebr m\u00eb shum\u00eb informacion na kontaktoni&#8221; font_container=&#8221;tag:h2|text_align:center|color:%23ffffff&#8221; use_theme_fonts=&#8221;yes&#8221; css=&#8221;.vc_custom_1598271198878{padding-top: 20px !important;padding-left: 20px !important;}&#8221;][vc_empty_space][vc_btn title=&#8221;Na Kontaktoni&#8221; style=&#8221;outline-custom&#8221; outline_custom_color=&#8221;#ffffff&#8221; outline_custom_hover_background=&#8221;#ffffff&#8221; outline_custom_hover_text=&#8221;#6190a5&#8243; align=&#8221;center&#8221; css=&#8221;.vc_custom_1598279109674{padding-left: 20px !important;}&#8221; link=&#8221;url:https%3A%2F%2Fhoteldelfini.com%2Findex.php%2Fkontakt%2F%3Flang%3Dsq|title:Kontakt||&#8221;][\/vc_column][\/vc_row]<\/p>\n<\/div>","protected":false},"excerpt":{"rendered":"<p>[vc_row full_width=&#8221;stretch_row_content&#8221; css=&#8221;.vc_custom_1595863430254{padding-bottom: 50px !important;}&#8221;][vc_column][vc_custom_heading text=&#8221;Dhomat Tona&#8221; font_container=&#8221;tag:h2|text_align:center&#8221; use_theme_fonts=&#8221;yes&#8221;][vc_separator color=&#8221;custom&#8221; border_width=&#8221;3&#8243; el_width=&#8221;10&#8243; accent_color=&#8221;#6190a5&#8243;][\/vc_column][\/vc_row][vc_row css=&#8221;.vc_custom_1595863327664{margin-bottom: 20px !important;padding-bottom: 20px !important;}&#8221;][vc_column width=&#8221;1\/3&#8243;][\/vc_column][vc_column width=&#8221;1\/3&#8243;][\/vc_column][vc_column width=&#8221;1\/3&#8243;][\/vc_column][\/vc_row][vc_row bg_type=&#8221;image&#8221; parallax_style=&#8221;vcpb-default&#8221; bg_image_new=&#8221;id^338|url^https:\/\/hoteldelfini.com\/wp-content\/uploads\/2020\/08\/slider-g1.jpg|caption^null|alt^null|title^slider-g1|description^null&#8221; bg_img_attach=&#8221;fixed&#8221; bg_override=&#8221;ex-full&#8221; enable_overlay=&#8221;enable_overlay_value&#8221; overlay_color=&#8221;#0c0c0c&#8221; overlay_pattern_opacity=&#8221;0.5&#8243;][vc_column css=&#8221;.vc_custom_1595862563381{padding-top: 80px !important;padding-bottom: 80px !important;}&#8221;][vc_custom_heading text=&#8221;Kontakt&#8221; font_container=&#8221;tag:h1|text_align:center|color:%23ffffff&#8221; use_theme_fonts=&#8221;yes&#8221; css=&#8221;.vc_custom_1598271182238{padding-top: 20px !important;padding-left: 20px !important;}&#8221;][vc_custom_heading text=&#8221;P\u00ebr m\u00eb shum\u00eb informacion na kontaktoni&#8221; font_container=&#8221;tag:h2|text_align:center|color:%23ffffff&#8221; use_theme_fonts=&#8221;yes&#8221; css=&#8221;.vc_custom_1598271198878{padding-top: 20px !important;padding-left: 20px !important;}&#8221;][vc_empty_space][vc_btn&hellip;<\/p>\n","protected":false},"author":1,"featured_media":0,"parent":0,"menu_order":0,"comment_status":"closed","ping_status":"closed","template":"","meta":{"footnotes":""},"class_list":["post-466","page","type-page","status-publish","hentry","description-off"],"_links":{"self":[{"href":"https:\/\/hoteldelfini.com\/index.php\/wp-json\/wp\/v2\/pages\/466","targetHints":{"allow":["GET"]}}],"collection":[{"href":"https:\/\/hoteldelfini.com\/index.php\/wp-json\/wp\/v2\/pages"}],"about":[{"href":"https:\/\/hoteldelfini.com\/index.php\/wp-json\/wp\/v2\/types\/page"}],"author":[{"embeddable":true,"href":"https:\/\/hoteldelfini.com\/index.php\/wp-json\/wp\/v2\/users\/1"}],"replies":[{"embeddable":true,"href":"https:\/\/hoteldelfini.com\/index.php\/wp-json\/wp\/v2\/comments?post=466"}],"version-history":[{"count":5,"href":"https:\/\/hoteldelfini.com\/index.php\/wp-json\/wp\/v2\/pages\/466\/revisions"}],"predecessor-version":[{"id":759,"href":"https:\/\/hoteldelfini.com\/index.php\/wp-json\/wp\/v2\/pages\/466\/revisions\/759"}],"wp:attachment":[{"href":"https:\/\/hoteldelfini.com\/index.php\/wp-json\/wp\/v2\/media?parent=466"}],"curies":[{"name":"wp","href":"https:\/\/api.w.org\/{rel}","templated":true}]}}