{"id":444,"date":"2020-07-17T16:12:22","date_gmt":"2020-07-17T16:12:22","guid":{"rendered":"https:\/\/hoteldelfini.com\/index.php\/home\/"},"modified":"2020-08-24T14:35:20","modified_gmt":"2020-08-24T14:35:20","slug":"home","status":"publish","type":"page","link":"https:\/\/hoteldelfini.com\/index.php\/home\/?lang=sq","title":{"rendered":"Home"},"content":{"rendered":"<div class=\"wpb-content-wrapper\"><p>[vc_row css=&#8221;.vc_custom_1597152090738{padding-bottom: 40px !important;}&#8221;][vc_column offset=&#8221;vc_hidden-md vc_hidden-sm&#8221;]<div class=\"ult-content-box-container box_class\" >\t\t<div class=\"ult-content-box\" style=\"background-color:#6190a5;box-shadow: px px px px none;padding-top:40px;padding-right:40px;padding-bottom:40px;padding-left:40px;-webkit-transition: all 700ms ease;-moz-transition: all 700ms ease;-ms-transition: all 700ms ease;-o-transition: all 700ms ease;transition: all 700ms ease;\"  data-hover_box_shadow=\"none\"     data-bg=\"#6190a5\" >[vc_custom_heading text=&#8221;Rreth Hotel Delfini&#8221; font_container=&#8221;tag:h2|text_align:center|color:%23ffffff&#8221; use_theme_fonts=&#8221;yes&#8221; css=&#8221;.vc_custom_1598266069350{padding-top: 45px !important;}&#8221;][vc_column_text]<\/p>\n<p style=\"text-align: center;\"><span style=\"color: #ffffff;\">Me nj\u00eb zon\u00eb private plazhi cadra falas, Hotel Delfini ka pamje nga deti me nje pozicion 500 m nga qendra e Sarand\u00ebs. Ajo ofron dhoma me aj\u00ebr t\u00eb kondicionuar me Wi-Fi . T\u00eb gjitha dhomat p\u00ebrmbajne nj\u00eb tavolin\u00eb dhe nj\u00eb TV satelitor me ekran t\u00eb shesht\u00eb. Secila p\u00ebrmban nj\u00eb banj\u00eb me dush ose vask\u00eb. Te akomoduarit mund t\u00eb shijojne dicka ne bar-in tone me pamje nga deti. Dyqani dhe nje restorant jan\u00eb vet\u00ebm 20 m larg. Kufiri Grek \u00ebsht\u00eb 35 km nga Hotel Delfini. Ofrohet parkim falas. <\/span><\/p>\n<p>[\/vc_column_text]\t\t<\/div><\/div>[\/vc_column][\/vc_row][vc_row full_width=&#8221;stretch_row_content&#8221;][vc_column width=&#8221;1\/2&#8243; offset=&#8221;vc_hidden-lg vc_hidden-xs&#8221;][vc_single_image image=&#8221;458&#8243; img_size=&#8221;550&#215;750&#8243;][\/vc_column][vc_column width=&#8221;1\/2&#8243; offset=&#8221;vc_hidden-lg vc_hidden-xs&#8221;]<div class=\"ult-content-box-container \" >\t\t<div class=\"ult-content-box\" style=\"background-color:#6190a5;box-shadow: px px px px none;padding-top:30px;padding-right:50px;padding-bottom:10px;padding-left:50px;-webkit-transition: all 700ms ease;-moz-transition: all 700ms ease;-ms-transition: all 700ms ease;-o-transition: all 700ms ease;transition: all 700ms ease;\"  data-hover_box_shadow=\"none\"     data-bg=\"#6190a5\" >[vc_custom_heading text=&#8221;Rreth Hotel Delfini&#8221; font_container=&#8221;tag:h2|text_align:left|color:%23ffffff&#8221; use_theme_fonts=&#8221;yes&#8221;][vc_column_text]<\/p>\n<p style=\"text-align: center;\"><span style=\"color: #ffffff;\">Me nj\u00eb zon\u00eb private plazhi cadra falas, Hotel Delfini ka pamje nga deti me nje pozicion 500 m nga qendra e Sarand\u00eb. Ajo ofron dhoma me aj\u00ebr t\u00eb kondicionuar me Wi-Fi . T\u00eb gjitha dhomat p\u00ebrmbajne nj\u00eb tavolin\u00eb dhe nj\u00eb TV satelitor me ekran t\u00eb shesht\u00eb. Secila p\u00ebrmban nj\u00eb banj\u00eb me dush ose vask\u00eb. Te akomoduarit mund t\u00eb shijojne dicka ne bar-in tone me pamje nga deti. Dyqani dhe nje restorant jan\u00eb vet\u00ebm 20 m larg. Kufiri Grek \u00ebsht\u00eb 35 km nga Hotel Delfini. Ofrohet parkim falas. <\/span><\/p>\n<p>[\/vc_column_text]\t\t<\/div><\/div>[\/vc_column][\/vc_row][vc_row css=&#8221;.vc_custom_1597419146898{padding-top: 50px !important;padding-bottom: 50px !important;}&#8221;][vc_column][vc_custom_heading text=&#8221;Dhomat Tona&#8221; font_container=&#8221;tag:h2|text_align:center&#8221; use_theme_fonts=&#8221;yes&#8221;][vc_separator color=&#8221;custom&#8221; border_width=&#8221;3&#8243; el_width=&#8221;10&#8243; accent_color=&#8221;#6190a5&#8243;]<div id=\"ult-carousel-75034391769f43fbb7e3e1\" class=\"ult-carousel-wrapper   ult_horizontal\" data-gutter=\"15\" data-rtl=\"false\" ><div class=\"ult-carousel-2872464169f43fbb7e301 \" ><div class=\"ult-item-wrap\" data-animation=\"animated no-animation\"><div class=\"ult-content-box-container \" >\t\t<div class=\"ult-content-box\" style=\"background-color:#6190a5;box-shadow: px px px px none;padding-bottom:30px;-webkit-transition: all 700ms ease;-moz-transition: all 700ms ease;-ms-transition: all 700ms ease;-o-transition: all 700ms ease;transition: all 700ms ease;\"  data-hover_box_shadow=\"none\"     data-bg=\"#6190a5\" >[vc_single_image image=&#8221;452&#8243; img_size=&#8221;438&#215;293&#8243;][vc_custom_heading text=&#8221;Dhome Standarte&#8221; font_container=&#8221;tag:h3|text_align:left|color:%23ffffff&#8221; use_theme_fonts=&#8221;yes&#8221; css=&#8221;.vc_custom_1598267226926{padding-top: 20px !important;padding-left: 20px !important;}&#8221; el_class=&#8221;title_class&#8221;][vc_column_text css=&#8221;.vc_custom_1598279647155{padding-bottom: 15px !important;padding-left: 20px !important;}&#8221; el_class=&#8221;title_class1&#8243;]<span style=\"color: #ffffff;\">\u00a0Dhoma Standard p\u00ebrfshin nj\u00eb krevat dopio ose dy krevate tek, pajisje t\u00eb tjera si: tualet &#8230;<\/span>[\/vc_column_text][vc_btn title=&#8221;Detajet&#8221; style=&#8221;outline-custom&#8221; outline_custom_color=&#8221;#ffffff&#8221; outline_custom_hover_background=&#8221;#ffffff&#8221; outline_custom_hover_text=&#8221;#6190a5&#8243; css=&#8221;.vc_custom_1598279653219{padding-left: 20px !important;}&#8221; link=&#8221;url:https%3A%2F%2Fhoteldelfini.com%2Findex.php%2Fdhoma-standarte%2F%3Flang%3Dsq|title:Dhoma%20Standarte||&#8221; el_class=&#8221;title_class1&#8243;]\t\t<\/div><\/div><\/div><div class=\"ult-item-wrap\" data-animation=\"animated no-animation\"><div class=\"ult-content-box-container \" >\t\t<div class=\"ult-content-box\" style=\"background-color:#6190a5;box-shadow: px px px px none;padding-bottom:30px;-webkit-transition: all 700ms ease;-moz-transition: all 700ms ease;-ms-transition: all 700ms ease;-o-transition: all 700ms ease;transition: all 700ms ease;\"  data-hover_box_shadow=\"none\"     data-bg=\"#6190a5\" >[vc_single_image image=&#8221;449&#8243; img_size=&#8221;438&#215;293&#8243;][vc_custom_heading text=&#8221;Dhome Superiore&#8221; font_container=&#8221;tag:h3|text_align:left|color:%23ffffff&#8221; use_theme_fonts=&#8221;yes&#8221; css=&#8221;.vc_custom_1598279525267{padding-top: 20px !important;padding-left: 20px !important;}&#8221; el_class=&#8221;title_class&#8221;][vc_column_text css=&#8221;.vc_custom_1598279660882{padding-bottom: 15px !important;padding-left: 20px !important;}&#8221; el_class=&#8221;title_class1&#8243;]<span style=\"color: #ffffff;\">Dhoma Superior p\u00ebrfshin nj\u00eb krevat dopio, pajisje t\u00eb tjera si: tualet &#8230;<\/span>[\/vc_column_text][vc_btn title=&#8221;Detajet&#8221; style=&#8221;outline-custom&#8221; outline_custom_color=&#8221;#ffffff&#8221; outline_custom_hover_background=&#8221;#ffffff&#8221; outline_custom_hover_text=&#8221;#6190a5&#8243; css=&#8221;.vc_custom_1598279668088{padding-left: 20px !important;}&#8221; link=&#8221;url:https%3A%2F%2Fhoteldelfini.com%2Findex.php%2Fdhoma-superiore%2F%3Flang%3Dsq|title:Dhoma%20Superiore||&#8221; el_class=&#8221;title_class1&#8243;]\t\t<\/div><\/div><\/div><div class=\"ult-item-wrap\" data-animation=\"animated no-animation\"><div class=\"ult-content-box-container \" >\t\t<div class=\"ult-content-box\" style=\"background-color:#6190a5;box-shadow: px px px px none;padding-bottom:30px;-webkit-transition: all 700ms ease;-moz-transition: all 700ms ease;-ms-transition: all 700ms ease;-o-transition: all 700ms ease;transition: all 700ms ease;\"  data-hover_box_shadow=\"none\"     data-bg=\"#6190a5\" >[vc_single_image image=&#8221;445&#8243; img_size=&#8221;438&#215;293&#8243;][vc_custom_heading text=&#8221;Dhome Deluxe&#8221; font_container=&#8221;tag:h3|text_align:left|color:%23ffffff&#8221; use_theme_fonts=&#8221;yes&#8221; css=&#8221;.vc_custom_1598279534108{padding-top: 20px !important;padding-left: 20px !important;}&#8221; el_class=&#8221;title_class&#8221;][vc_column_text css=&#8221;.vc_custom_1598279673944{padding-bottom: 15px !important;padding-left: 20px !important;}&#8221; el_class=&#8221;title_class1&#8243;]<span style=\"color: #ffffff;\">Dhoma deluxe p\u00ebrfshin nj\u00eb krevat dopio, pajisje t\u00eb tjera si: tualet &#8230;<\/span>[\/vc_column_text][vc_btn title=&#8221;Detajet&#8221; style=&#8221;outline-custom&#8221; outline_custom_color=&#8221;#ffffff&#8221; outline_custom_hover_background=&#8221;#ffffff&#8221; outline_custom_hover_text=&#8221;#6190a5&#8243; css=&#8221;.vc_custom_1598279683010{padding-left: 20px !important;}&#8221; link=&#8221;url:https%3A%2F%2Fhoteldelfini.com%2Findex.php%2Fdhoma-deluxe%2F%3Flang%3Dsq|title:Dhoma%20Deluxe||&#8221; el_class=&#8221;title_class1&#8243;]\t\t<\/div><\/div><\/div><\/div><\/div>\t\t\t<script type=\"text\/javascript\">\n\t\t\t\tjQuery(document).ready(function ($) {\n\t\t\t\t\tif( typeof jQuery('.ult-carousel-2872464169f43fbb7e301').slick == \"function\"){\n\t\t\t\t\t\t$('.ult-carousel-2872464169f43fbb7e301').slick({dots: true,autoplay: true,autoplaySpeed: \"5000\",speed: \"300\",infinite: true,arrows: true,nextArrow: '<button type=\"button\" role=\"button\" aria-label=\"Next\" style=\"color:#6190a5; font-size:20px;\" class=\"slick-next default\"><i class=\"ultsl-arrow-right4\"><\/i><\/button>',prevArrow: '<button type=\"button\" role=\"button\" aria-label=\"Previous\" style=\"color:#6190a5; font-size:20px;\" class=\"slick-prev default\"><i class=\"ultsl-arrow-left4\"><\/i><\/button>',slidesToScroll:3,slidesToShow:3,swipe: true,draggable: true,touchMove: true,pauseOnHover: true,pauseOnFocus: false,responsive: [\n\t\t\t\t\t\t\t{\n\t\t\t\t\t\t\t  breakpoint: 1026,\n\t\t\t\t\t\t\t  settings: {\n\t\t\t\t\t\t\t\tslidesToShow: 3,\n\t\t\t\t\t\t\t\tslidesToScroll: 3,  \n\t\t\t\t\t\t\t  }\n\t\t\t\t\t\t\t},\n\t\t\t\t\t\t\t{\n\t\t\t\t\t\t\t  breakpoint: 1025,\n\t\t\t\t\t\t\t  settings: {\n\t\t\t\t\t\t\t\tslidesToShow: 2,\n\t\t\t\t\t\t\t\tslidesToScroll: 2\n\t\t\t\t\t\t\t  }\n\t\t\t\t\t\t\t},\n\t\t\t\t\t\t\t{\n\t\t\t\t\t\t\t  breakpoint: 760,\n\t\t\t\t\t\t\t  settings: {\n\t\t\t\t\t\t\t\tslidesToShow: 1,\n\t\t\t\t\t\t\t\tslidesToScroll: 1\n\t\t\t\t\t\t\t  }\n\t\t\t\t\t\t\t}\n\t\t\t\t\t\t],pauseOnDotsHover: true,customPaging: function(slider, i) {\n                   return '<i type=\"button\" style= \"color:#6190a5;\" class=\"ultsl-record\" data-role=\"none\"><\/i>';\n                },});\n\t\t\t\t\t}\n\t\t\t\t});\n\t\t\t<\/script>\n\t\t\t[\/vc_column][\/vc_row][vc_row bg_type=&#8221;image&#8221; parallax_style=&#8221;vcpb-default&#8221; bg_image_new=&#8221;id^338|url^https:\/\/hoteldelfini.com\/wp-content\/uploads\/2020\/08\/slider-g1.jpg|caption^null|alt^null|title^slider-g1|description^null&#8221; bg_img_attach=&#8221;fixed&#8221; bg_override=&#8221;ex-full&#8221; enable_overlay=&#8221;enable_overlay_value&#8221; overlay_color=&#8221;#0c0c0c&#8221; overlay_pattern_opacity=&#8221;0.5&#8243;][vc_column css=&#8221;.vc_custom_1595862563381{padding-top: 80px !important;padding-bottom: 80px !important;}&#8221;][vc_custom_heading text=&#8221;Kontakt&#8221; font_container=&#8221;tag:h1|text_align:center|color:%23ffffff&#8221; use_theme_fonts=&#8221;yes&#8221; css=&#8221;.vc_custom_1598266777391{padding-top: 20px !important;padding-left: 20px !important;}&#8221;][vc_custom_heading text=&#8221;P\u00ebr m\u00eb shum\u00eb informacion na kontaktoni&#8221; font_container=&#8221;tag:h2|text_align:center|color:%23ffffff&#8221; use_theme_fonts=&#8221;yes&#8221; css=&#8221;.vc_custom_1598266789750{padding-top: 20px !important;padding-left: 20px !important;}&#8221;][vc_empty_space][vc_btn title=&#8221;Na Kontaktoni&#8221; style=&#8221;outline-custom&#8221; outline_custom_color=&#8221;#ffffff&#8221; outline_custom_hover_background=&#8221;#ffffff&#8221; outline_custom_hover_text=&#8221;#6190a5&#8243; align=&#8221;center&#8221; css=&#8221;.vc_custom_1598279044685{padding-left: 20px !important;}&#8221; link=&#8221;url:https%3A%2F%2Fhoteldelfini.com%2Findex.php%2Fkontakt%2F%3Flang%3Dsq|title:Kontakt||&#8221;][\/vc_column][\/vc_row][vc_row full_width=&#8221;stretch_row_content_no_spaces&#8221; bg_type=&#8221;bg_color&#8221; bg_override=&#8221;ex-full&#8221; bg_color_value=&#8221;rgba(97,144,165,0.07)&#8221;][vc_column][vc_gmaps link=&#8221;#E-8_JTNDaWZyYW1lJTIwc3JjJTNEJTIyaHR0cHMlM0ElMkYlMkZ3d3cuZ29vZ2xlLmNvbSUyRm1hcHMlMkZlbWJlZCUzRnBiJTNEJTIxMW0xNCUyMTFtOCUyMTFtMyUyMTFkMzA2Mi4yNjUyMzM5MTI3NTUlMjEyZDIwLjAxMjUzNjElMjEzZDM5Ljg2ODI5NjQlMjEzbTIlMjExaTEwMjQlMjEyaTc2OCUyMTRmMTMuMSUyMTNtMyUyMTFtMiUyMTFzMHgxMzViMTRmMThhMTcwNWE5JTI1M0EweGJhNzYwOTA2NDk1NjQ0OWMlMjEyc0hvdGVsJTI1MjBEZWxmaW5pJTIxNWUwJTIxM20yJTIxMXNlbiUyMTJzJTIxNHYxNTk2NzI2Nzk4Mzg4JTIxNW0yJTIxMXNlbiUyMTJzJTIyJTIwd2lkdGglM0QlMjI2MDAlMjIlMjBoZWlnaHQlM0QlMjI0NTAlMjIlMjBmcmFtZWJvcmRlciUzRCUyMjAlMjIlMjBzdHlsZSUzRCUyMmJvcmRlciUzQTAlM0IlMjIlMjBhbGxvd2Z1bGxzY3JlZW4lM0QlMjIlMjIlMjBhcmlhLWhpZGRlbiUzRCUyMmZhbHNlJTIyJTIwdGFiaW5kZXglM0QlMjIwJTIyJTNFJTNDJTJGaWZyYW1lJTNF&#8221;][\/vc_column][\/vc_row]<\/p>\n<\/div>","protected":false},"excerpt":{"rendered":"<p>[vc_row css=&#8221;.vc_custom_1597152090738{padding-bottom: 40px !important;}&#8221;][vc_column offset=&#8221;vc_hidden-md vc_hidden-sm&#8221;][\/vc_column][\/vc_row][vc_row full_width=&#8221;stretch_row_content&#8221;][vc_column width=&#8221;1\/2&#8243; offset=&#8221;vc_hidden-lg vc_hidden-xs&#8221;][vc_single_image image=&#8221;458&#8243; img_size=&#8221;550&#215;750&#8243;][\/vc_column][vc_column width=&#8221;1\/2&#8243; offset=&#8221;vc_hidden-lg vc_hidden-xs&#8221;][\/vc_column][\/vc_row][vc_row css=&#8221;.vc_custom_1597419146898{padding-top: 50px !important;padding-bottom: 50px !important;}&#8221;][vc_column][vc_custom_heading text=&#8221;Dhomat Tona&#8221; font_container=&#8221;tag:h2|text_align:center&#8221; use_theme_fonts=&#8221;yes&#8221;][vc_separator color=&#8221;custom&#8221; border_width=&#8221;3&#8243; el_width=&#8221;10&#8243; accent_color=&#8221;#6190a5&#8243;][\/vc_column][\/vc_row][vc_row bg_type=&#8221;image&#8221; parallax_style=&#8221;vcpb-default&#8221; bg_image_new=&#8221;id^338|url^https:\/\/hoteldelfini.com\/wp-content\/uploads\/2020\/08\/slider-g1.jpg|caption^null|alt^null|title^slider-g1|description^null&#8221; bg_img_attach=&#8221;fixed&#8221; bg_override=&#8221;ex-full&#8221; enable_overlay=&#8221;enable_overlay_value&#8221; overlay_color=&#8221;#0c0c0c&#8221; overlay_pattern_opacity=&#8221;0.5&#8243;][vc_column css=&#8221;.vc_custom_1595862563381{padding-top: 80px !important;padding-bottom: 80px !important;}&#8221;][vc_custom_heading text=&#8221;Kontakt&#8221; font_container=&#8221;tag:h1|text_align:center|color:%23ffffff&#8221; use_theme_fonts=&#8221;yes&#8221; css=&#8221;.vc_custom_1598266777391{padding-top: 20px !important;padding-left: 20px !important;}&#8221;][vc_custom_heading text=&#8221;P\u00ebr m\u00eb shum\u00eb informacion na kontaktoni&#8221;&hellip;<\/p>\n","protected":false},"author":1,"featured_media":0,"parent":0,"menu_order":0,"comment_status":"closed","ping_status":"closed","template":"","meta":{"footnotes":""},"class_list":["post-444","page","type-page","status-publish","hentry","description-off"],"_links":{"self":[{"href":"https:\/\/hoteldelfini.com\/index.php\/wp-json\/wp\/v2\/pages\/444","targetHints":{"allow":["GET"]}}],"collection":[{"href":"https:\/\/hoteldelfini.com\/index.php\/wp-json\/wp\/v2\/pages"}],"about":[{"href":"https:\/\/hoteldelfini.com\/index.php\/wp-json\/wp\/v2\/types\/page"}],"author":[{"embeddable":true,"href":"https:\/\/hoteldelfini.com\/index.php\/wp-json\/wp\/v2\/users\/1"}],"replies":[{"embeddable":true,"href":"https:\/\/hoteldelfini.com\/index.php\/wp-json\/wp\/v2\/comments?post=444"}],"version-history":[{"count":9,"href":"https:\/\/hoteldelfini.com\/index.php\/wp-json\/wp\/v2\/pages\/444\/revisions"}],"predecessor-version":[{"id":756,"href":"https:\/\/hoteldelfini.com\/index.php\/wp-json\/wp\/v2\/pages\/444\/revisions\/756"}],"wp:attachment":[{"href":"https:\/\/hoteldelfini.com\/index.php\/wp-json\/wp\/v2\/media?parent=444"}],"curies":[{"name":"wp","href":"https:\/\/api.w.org\/{rel}","templated":true}]}}